{"id":10632,"date":"2025-09-15T20:40:45","date_gmt":"2025-09-15T20:40:45","guid":{"rendered":"https:\/\/natalsy.com\/?page_id=10632"},"modified":"2025-09-15T20:41:29","modified_gmt":"2025-09-15T20:41:29","slug":"terms-of-service","status":"publish","type":"page","link":"https:\/\/natalsy.com\/es\/terms-of-service\/","title":{"rendered":"T\u00e9rminos de Servicio"},"content":{"rendered":"\n<h1 class=\"wp-block-heading\">T\u00e9rminos de Servicio<\/h1>\n\n\n\n<p><strong>Fecha de entrada en vigor:<\/strong> 11 de septiembre de 2025<\/p>\n\n\n\n<p>Estos T\u00e9rminos de Servicio (\u201cT\u00e9rminos\u201d) regulan el uso de Natalsy (\u201cnosotros\u201d, \u201cnuestro\u201d o \u201cnos\u201d).<\/p>\n\n\n\n<p>Al comprar un producto en nuestro sitio web, aceptas estos T\u00e9rminos.<\/p>\n\n\n\n<p>Por favor, l\u00e9elos atentamente antes de realizar un pedido.<\/p>\n\n\n\n<hr class=\"wp-block-separator has-alpha-channel-opacity\"\/>\n\n\n\n<h2 class=\"wp-block-heading\">1. Nuestro Producto<\/h2>\n\n\n\n<p>Natalsy ofrece un <strong>producto digital<\/strong>: un <strong>informe astrol\u00f3gico en PDF personalizado<\/strong> (\u201cInforme\u201d) generado en base a la informaci\u00f3n que nos proporcionas.<\/p>\n\n\n\n<ul class=\"wp-block-list\">\n<li>El Informe es <strong>\u00fanicamente con fines de entretenimiento<\/strong> y <strong>no contiene predicciones ni consejos profesionales<\/strong>.<\/li>\n\n\n\n<li>Recibir\u00e1s el Informe en formato PDF <strong>por correo electr\u00f3nico<\/strong> despu\u00e9s de que el pago y el env\u00edo de los datos se realicen correctamente.<\/li>\n\n\n\n<li><strong>No se env\u00edan productos f\u00edsicos<\/strong>.<\/li>\n<\/ul>\n\n\n\n<hr class=\"wp-block-separator has-alpha-channel-opacity\"\/>\n\n\n\n<h2 class=\"wp-block-heading\">2. Informaci\u00f3n que proporcionas<\/h2>\n\n\n\n<p>Para generar tu Informe, debes proporcionar <strong>informaci\u00f3n precisa y completa<\/strong>, que incluya:<\/p>\n\n\n\n<ul class=\"wp-block-list\">\n<li><strong>Nombre completo<\/strong><\/li>\n\n\n\n<li><strong>Fecha y lugar de nacimiento<\/strong><\/li>\n\n\n\n<li><strong>Direcci\u00f3n de correo electr\u00f3nico<\/strong> para la entrega del Informe<\/li>\n<\/ul>\n\n\n\n<p>Si proporcionas informaci\u00f3n incorrecta o incompleta, el Informe puede ser <strong>inexacto<\/strong>.<\/p>\n\n\n\n<blockquote class=\"wp-block-quote is-layout-flow wp-block-quote-is-layout-flow\">\n<p>No somos <strong>responsables<\/strong> de los errores causados por datos incorrectos o incompletos enviados por el usuario.<\/p>\n<\/blockquote>\n\n\n\n<hr class=\"wp-block-separator has-alpha-channel-opacity\"\/>\n\n\n\n<h2 class=\"wp-block-heading\">3. Pagos<\/h2>\n\n\n\n<ul class=\"wp-block-list\">\n<li>Todos los pagos se procesan <strong>de forma segura a trav\u00e9s de Stripe<\/strong>.<\/li>\n\n\n\n<li>Al realizar una compra, aceptas <strong>pagar el precio mostrado<\/strong> por el Informe en su totalidad, incluidos los impuestos o tarifas aplicables.<\/li>\n<\/ul>\n\n\n\n<hr class=\"wp-block-separator has-alpha-channel-opacity\"\/>\n\n\n\n<h2 class=\"wp-block-heading\">4. Entrega<\/h2>\n\n\n\n<ul class=\"wp-block-list\">\n<li>Tras el pago exitoso, recibir\u00e1s tu Informe personalizado en formato PDF al <strong>correo electr\u00f3nico que proporcionaste<\/strong>.<\/li>\n\n\n\n<li>La entrega suele ser <strong>inmediata<\/strong>, pero en casos excepcionales puede tardar <strong>hasta 24 horas<\/strong>.<\/li>\n\n\n\n<li>Si <strong>no recibes tu Informe en un plazo de 24 horas<\/strong>, cont\u00e1ctanos en: \ud83d\udce7 <strong>support@natalsy.com<\/strong><\/li>\n<\/ul>\n\n\n\n<hr class=\"wp-block-separator has-alpha-channel-opacity\"\/>\n\n\n\n<h2 class=\"wp-block-heading\">5. Pol\u00edtica de Reembolsos<\/h2>\n\n\n\n<p>Dado que nuestro producto es un <strong>bien digital<\/strong> entregado inmediatamente despu\u00e9s de la compra, en general <strong>no ofrecemos reembolsos<\/strong>.<\/p>\n\n\n\n<p>Sin embargo, se pueden hacer excepciones en los siguientes casos:<\/p>\n\n\n\n<ul class=\"wp-block-list\">\n<li>El Informe en PDF <strong>no fue entregado<\/strong> a tu correo electr\u00f3nico.<\/li>\n\n\n\n<li>El Informe entregado contiene <strong>errores cr\u00edticos<\/strong> que impiden su uso adecuado.<\/li>\n<\/ul>\n\n\n\n<p>Para solicitar un reembolso en estas circunstancias excepcionales, cont\u00e1ctanos en:<\/p>\n\n\n\n<p>\ud83d\udce7 <strong>support@natalsy.com<\/strong><\/p>\n\n\n\n<hr class=\"wp-block-separator has-alpha-channel-opacity\"\/>\n\n\n\n<h2 class=\"wp-block-heading\">6. Sin Garant\u00edas ni Predicciones<\/h2>\n\n\n\n<p>El Informe proporcionado por Natalsy es <strong>solo para fines de entretenimiento<\/strong>.<\/p>\n\n\n\n<ul class=\"wp-block-list\">\n<li><strong>No ofrece<\/strong> predicciones, consejos profesionales ni resultados garantizados.<\/li>\n\n\n\n<li>No somos <strong>responsables<\/strong> de c\u00f3mo interpretes o utilices la informaci\u00f3n contenida en el Informe.<\/li>\n<\/ul>\n\n\n\n<hr class=\"wp-block-separator has-alpha-channel-opacity\"\/>\n\n\n\n<h2 class=\"wp-block-heading\">7. Propiedad Intelectual<\/h2>\n\n\n\n<p>Todo el contenido de nuestro sitio web y de los Informes, incluidos <strong>dise\u00f1os, textos, im\u00e1genes y software<\/strong>, es propiedad de <strong>Natalsy<\/strong> o de sus licenciantes.<\/p>\n\n\n\n<ul class=\"wp-block-list\">\n<li>No puedes <strong>reproducir, distribuir ni revender<\/strong> ninguna parte del Informe o de nuestro contenido sin <strong>autorizaci\u00f3n previa por escrito<\/strong>.<\/li>\n<\/ul>\n\n\n\n<hr class=\"wp-block-separator has-alpha-channel-opacity\"\/>\n\n\n\n<h2 class=\"wp-block-heading\">8. Limitaci\u00f3n de Responsabilidad<\/h2>\n\n\n\n<p>Natalsy <strong>no se hace responsable<\/strong> de da\u00f1os directos, indirectos, incidentales o consecuentes que resulten de:<\/p>\n\n\n\n<ul class=\"wp-block-list\">\n<li>El uso o la imposibilidad de uso de nuestro producto,<\/li>\n\n\n\n<li>Errores causados por informaci\u00f3n incorrecta proporcionada por el usuario,<\/li>\n\n\n\n<li>Problemas t\u00e9cnicos fuera de nuestro control.<\/li>\n<\/ul>\n\n\n\n<p>Nuestra <strong>responsabilidad total<\/strong> se limitar\u00e1 al <strong>monto pagado por el Informe<\/strong>.<\/p>\n\n\n\n<hr class=\"wp-block-separator has-alpha-channel-opacity\"\/>\n\n\n\n<h2 class=\"wp-block-heading\">9. Ley Aplicable<\/h2>\n\n\n\n<p>Estos T\u00e9rminos se regir\u00e1n e interpretar\u00e1n de acuerdo con las <strong>leyes de Bulgaria<\/strong>.<\/p>\n\n\n\n<p>Cualquier disputa se resolver\u00e1 exclusivamente en los <strong>tribunales competentes de Bulgaria<\/strong>.<\/p>\n\n\n\n<hr class=\"wp-block-separator has-alpha-channel-opacity\"\/>\n\n\n\n<h2 class=\"wp-block-heading\">10. Informaci\u00f3n de la Empresa<\/h2>\n\n\n\n<p>Este servicio es operado por:<\/p>\n\n\n\n<p><strong>Kreativ Style EOOD<\/strong><\/p>\n\n\n\n<p>Bulgaria<\/p>\n\n\n\n<p>\ud83d\udce7 <strong>support@natalsy.com<\/strong><\/p>\n\n\n\n<hr class=\"wp-block-separator has-alpha-channel-opacity\"\/>\n\n\n\n<h2 class=\"wp-block-heading\">11. Cambios en Estos T\u00e9rminos<\/h2>\n\n\n\n<p>Podemos actualizar estos T\u00e9rminos de vez en cuando.<\/p>\n\n\n\n<p>La versi\u00f3n m\u00e1s reciente siempre estar\u00e1 disponible en nuestro sitio web con la <strong>fecha de entrada en vigor actualizada<\/strong>.<\/p>\n","protected":false},"excerpt":{"rendered":"<p>T\u00e9rminos de Servicio Fecha de entrada en vigor: 11 de septiembre de 2025 Estos T\u00e9rminos de Servicio (\u201cT\u00e9rminos\u201d) regulan el uso de Natalsy (\u201cnosotros\u201d, \u201cnuestro\u201d o \u201cnos\u201d). Al comprar un producto en nuestro sitio web, aceptas estos T\u00e9rminos. Por favor, l\u00e9elos atentamente antes de realizar un pedido. 1. Nuestro Producto Natalsy ofrece un producto digital: [&hellip;]<\/p>\n","protected":false},"author":1,"featured_media":0,"parent":0,"menu_order":0,"comment_status":"closed","ping_status":"closed","template":"","meta":{"footnotes":""},"class_list":["post-10632","page","type-page","status-publish","hentry"],"yoast_head":"<!-- This site is optimized with the Yoast SEO plugin v25.9 - https:\/\/yoast.com\/wordpress\/plugins\/seo\/ -->\n<title>T\u00e9rminos de Servicio - Natalsy<\/title>\n<meta name=\"robots\" content=\"index, follow, max-snippet:-1, max-image-preview:large, max-video-preview:-1\" \/>\n<link rel=\"canonical\" href=\"https:\/\/natalsy.com\/es\/terms-of-service\/\" \/>\n<meta property=\"og:locale\" content=\"es_ES\" \/>\n<meta property=\"og:type\" content=\"article\" \/>\n<meta property=\"og:title\" content=\"T\u00e9rminos de Servicio - Natalsy\" \/>\n<meta property=\"og:description\" content=\"T\u00e9rminos de Servicio Fecha de entrada en vigor: 11 de septiembre de 2025 Estos T\u00e9rminos de Servicio (\u201cT\u00e9rminos\u201d) regulan el uso de Natalsy (\u201cnosotros\u201d, \u201cnuestro\u201d o \u201cnos\u201d). Al comprar un producto en nuestro sitio web, aceptas estos T\u00e9rminos. Por favor, l\u00e9elos atentamente antes de realizar un pedido. 1. Nuestro Producto Natalsy ofrece un producto digital: [&hellip;]\" \/>\n<meta property=\"og:url\" content=\"https:\/\/natalsy.com\/es\/terms-of-service\/\" \/>\n<meta property=\"og:site_name\" content=\"Natalsy\" \/>\n<meta property=\"article:modified_time\" content=\"2025-09-15T20:41:29+00:00\" \/>\n<meta property=\"og:image\" content=\"https:\/\/natalsy.com\/wp-content\/uploads\/2025\/09\/banner-1024x683.png\" \/>\n\t<meta property=\"og:image:width\" content=\"1024\" \/>\n\t<meta property=\"og:image:height\" content=\"683\" \/>\n\t<meta property=\"og:image:type\" content=\"image\/png\" \/>\n<meta name=\"twitter:card\" content=\"summary_large_image\" \/>\n<meta name=\"twitter:label1\" content=\"Tiempo de lectura\" \/>\n\t<meta name=\"twitter:data1\" content=\"3 minutes\" \/>\n<script type=\"application\/ld+json\" class=\"yoast-schema-graph\">{\"@context\":\"https:\/\/schema.org\",\"@graph\":[{\"@type\":\"WebPage\",\"@id\":\"https:\/\/natalsy.com\/es\/terms-of-service\/\",\"url\":\"https:\/\/natalsy.com\/es\/terms-of-service\/\",\"name\":\"T\u00e9rminos de Servicio - Natalsy\",\"isPartOf\":{\"@id\":\"https:\/\/natalsy.com\/#website\"},\"datePublished\":\"2025-09-15T20:40:45+00:00\",\"dateModified\":\"2025-09-15T20:41:29+00:00\",\"breadcrumb\":{\"@id\":\"https:\/\/natalsy.com\/es\/terms-of-service\/#breadcrumb\"},\"inLanguage\":\"es-ES\",\"potentialAction\":[{\"@type\":\"ReadAction\",\"target\":[\"https:\/\/natalsy.com\/es\/terms-of-service\/\"]}]},{\"@type\":\"BreadcrumbList\",\"@id\":\"https:\/\/natalsy.com\/es\/terms-of-service\/#breadcrumb\",\"itemListElement\":[{\"@type\":\"ListItem\",\"position\":1,\"name\":\"Home\",\"item\":\"https:\/\/natalsy.com\/es\/\"},{\"@type\":\"ListItem\",\"position\":2,\"name\":\"T\u00e9rminos de Servicio\"}]},{\"@type\":\"WebSite\",\"@id\":\"https:\/\/natalsy.com\/#website\",\"url\":\"https:\/\/natalsy.com\/\",\"name\":\"Natalsy\",\"description\":\"Your Personal Natal Chart \u2013 Beautiful PDF in 10 Minutes\",\"publisher\":{\"@id\":\"https:\/\/natalsy.com\/#organization\"},\"potentialAction\":[{\"@type\":\"SearchAction\",\"target\":{\"@type\":\"EntryPoint\",\"urlTemplate\":\"https:\/\/natalsy.com\/?s={search_term_string}\"},\"query-input\":{\"@type\":\"PropertyValueSpecification\",\"valueRequired\":true,\"valueName\":\"search_term_string\"}}],\"inLanguage\":\"es-ES\"},{\"@type\":\"Organization\",\"@id\":\"https:\/\/natalsy.com\/#organization\",\"name\":\"Natalsy\",\"url\":\"https:\/\/natalsy.com\/\",\"logo\":{\"@type\":\"ImageObject\",\"inLanguage\":\"es-ES\",\"@id\":\"https:\/\/natalsy.com\/#\/schema\/logo\/image\/\",\"url\":\"https:\/\/natalsy.com\/wp-content\/uploads\/2025\/09\/banner-1024x683.png\",\"contentUrl\":\"https:\/\/natalsy.com\/wp-content\/uploads\/2025\/09\/banner-1024x683.png\",\"width\":1024,\"height\":683,\"caption\":\"Natalsy\"},\"image\":{\"@id\":\"https:\/\/natalsy.com\/#\/schema\/logo\/image\/\"}}]}<\/script>\n<!-- \/ Yoast SEO plugin. -->","yoast_head_json":{"title":"T\u00e9rminos de Servicio - Natalsy","robots":{"index":"index","follow":"follow","max-snippet":"max-snippet:-1","max-image-preview":"max-image-preview:large","max-video-preview":"max-video-preview:-1"},"canonical":"https:\/\/natalsy.com\/es\/terms-of-service\/","og_locale":"es_ES","og_type":"article","og_title":"T\u00e9rminos de Servicio - Natalsy","og_description":"T\u00e9rminos de Servicio Fecha de entrada en vigor: 11 de septiembre de 2025 Estos T\u00e9rminos de Servicio (\u201cT\u00e9rminos\u201d) regulan el uso de Natalsy (\u201cnosotros\u201d, \u201cnuestro\u201d o \u201cnos\u201d). Al comprar un producto en nuestro sitio web, aceptas estos T\u00e9rminos. Por favor, l\u00e9elos atentamente antes de realizar un pedido. 1. Nuestro Producto Natalsy ofrece un producto digital: [&hellip;]","og_url":"https:\/\/natalsy.com\/es\/terms-of-service\/","og_site_name":"Natalsy","article_modified_time":"2025-09-15T20:41:29+00:00","og_image":[{"width":1024,"height":683,"url":"https:\/\/natalsy.com\/wp-content\/uploads\/2025\/09\/banner-1024x683.png","type":"image\/png"}],"twitter_card":"summary_large_image","twitter_misc":{"Tiempo de lectura":"3 minutes"},"schema":{"@context":"https:\/\/schema.org","@graph":[{"@type":"WebPage","@id":"https:\/\/natalsy.com\/es\/terms-of-service\/","url":"https:\/\/natalsy.com\/es\/terms-of-service\/","name":"T\u00e9rminos de Servicio - Natalsy","isPartOf":{"@id":"https:\/\/natalsy.com\/#website"},"datePublished":"2025-09-15T20:40:45+00:00","dateModified":"2025-09-15T20:41:29+00:00","breadcrumb":{"@id":"https:\/\/natalsy.com\/es\/terms-of-service\/#breadcrumb"},"inLanguage":"es-ES","potentialAction":[{"@type":"ReadAction","target":["https:\/\/natalsy.com\/es\/terms-of-service\/"]}]},{"@type":"BreadcrumbList","@id":"https:\/\/natalsy.com\/es\/terms-of-service\/#breadcrumb","itemListElement":[{"@type":"ListItem","position":1,"name":"Home","item":"https:\/\/natalsy.com\/es\/"},{"@type":"ListItem","position":2,"name":"T\u00e9rminos de Servicio"}]},{"@type":"WebSite","@id":"https:\/\/natalsy.com\/#website","url":"https:\/\/natalsy.com\/","name":"Natalsy","description":"Your Personal Natal Chart \u2013 Beautiful PDF in 10 Minutes","publisher":{"@id":"https:\/\/natalsy.com\/#organization"},"potentialAction":[{"@type":"SearchAction","target":{"@type":"EntryPoint","urlTemplate":"https:\/\/natalsy.com\/?s={search_term_string}"},"query-input":{"@type":"PropertyValueSpecification","valueRequired":true,"valueName":"search_term_string"}}],"inLanguage":"es-ES"},{"@type":"Organization","@id":"https:\/\/natalsy.com\/#organization","name":"Natalsy","url":"https:\/\/natalsy.com\/","logo":{"@type":"ImageObject","inLanguage":"es-ES","@id":"https:\/\/natalsy.com\/#\/schema\/logo\/image\/","url":"https:\/\/natalsy.com\/wp-content\/uploads\/2025\/09\/banner-1024x683.png","contentUrl":"https:\/\/natalsy.com\/wp-content\/uploads\/2025\/09\/banner-1024x683.png","width":1024,"height":683,"caption":"Natalsy"},"image":{"@id":"https:\/\/natalsy.com\/#\/schema\/logo\/image\/"}}]}},"_links":{"self":[{"href":"https:\/\/natalsy.com\/wp-json\/wp\/v2\/pages\/10632","targetHints":{"allow":["GET"]}}],"collection":[{"href":"https:\/\/natalsy.com\/wp-json\/wp\/v2\/pages"}],"about":[{"href":"https:\/\/natalsy.com\/wp-json\/wp\/v2\/types\/page"}],"author":[{"embeddable":true,"href":"https:\/\/natalsy.com\/wp-json\/wp\/v2\/users\/1"}],"replies":[{"embeddable":true,"href":"https:\/\/natalsy.com\/wp-json\/wp\/v2\/comments?post=10632"}],"version-history":[{"count":1,"href":"https:\/\/natalsy.com\/wp-json\/wp\/v2\/pages\/10632\/revisions"}],"predecessor-version":[{"id":10633,"href":"https:\/\/natalsy.com\/wp-json\/wp\/v2\/pages\/10632\/revisions\/10633"}],"wp:attachment":[{"href":"https:\/\/natalsy.com\/wp-json\/wp\/v2\/media?parent=10632"}],"curies":[{"name":"wp","href":"https:\/\/api.w.org\/{rel}","templated":true}]}}