{"id":10634,"date":"2025-09-15T20:45:26","date_gmt":"2025-09-15T20:45:26","guid":{"rendered":"https:\/\/natalsy.com\/?page_id=10634"},"modified":"2025-09-15T20:45:27","modified_gmt":"2025-09-15T20:45:27","slug":"about","status":"publish","type":"page","link":"https:\/\/natalsy.com\/es\/about\/","title":{"rendered":"Sobre Natalsy"},"content":{"rendered":"\n<h1 class=\"wp-block-heading\">Sobre Natalsy<\/h1>\n\n\n\n<p>Bienvenido a <strong>Natalsy<\/strong> \u2013 tu gu\u00eda personal hacia las estrellas, entregada al instante. \u2728<\/p>\n\n\n\n<p>Creamos <strong>informes astrol\u00f3gicos personalizados en formato PDF<\/strong>, generados autom\u00e1ticamente a partir de la informaci\u00f3n de nacimiento que nos proporcionas.<\/p>\n\n\n\n<p>Nuestra misi\u00f3n es <strong>hacer la astrolog\u00eda accesible, divertida y bellamente dise\u00f1ada<\/strong>, ofreci\u00e9ndote un recuerdo digital \u00fanico que puedes disfrutar o compartir con tus amigos.<\/p>\n\n\n\n<hr class=\"wp-block-separator has-alpha-channel-opacity\"\/>\n\n\n\n<h2 class=\"wp-block-heading\">Lo que hacemos<\/h2>\n\n\n\n<ol start=\"1\" class=\"wp-block-list\">\n<li>T\u00fa nos proporcionas tu <strong>nombre, fecha y lugar de nacimiento<\/strong>.<\/li>\n\n\n\n<li>Nuestro sistema genera un <strong>informe PDF personalizado y visualmente atractivo<\/strong> basado en estos datos.<\/li>\n\n\n\n<li>Recibes tu informe directamente en tu <strong>bandeja de entrada<\/strong>, normalmente en <strong>cuesti\u00f3n de minutos<\/strong>.<\/li>\n<\/ol>\n\n\n\n<p>Todo el proceso es <strong>completamente automatizado<\/strong>, para que puedas obtener tu informe en cualquier momento y lugar, <strong>de forma instant\u00e1nea y segura<\/strong>.<\/p>\n\n\n\n<hr class=\"wp-block-separator has-alpha-channel-opacity\"\/>\n\n\n\n<h2 class=\"wp-block-heading\"><strong>Solo con fines de entretenimiento<\/strong><\/h2>\n\n\n\n<p>Nuestros informes est\u00e1n dise\u00f1ados <strong>exclusivamente con fines de entretenimiento<\/strong>.<\/p>\n\n\n\n<p>No contienen predicciones, consejos m\u00e9dicos ni orientaci\u00f3n financiera.<\/p>\n\n\n\n<p>Piensa en <strong>Natalsy<\/strong> como una forma de <strong>explorar la astrolog\u00eda de manera divertida, moderna y creativa<\/strong>, y no como una fuente de asesoramiento profesional.<\/p>\n\n\n\n<hr class=\"wp-block-separator has-alpha-channel-opacity\"\/>\n\n\n\n<h2 class=\"wp-block-heading\">Nuestros valores<\/h2>\n\n\n\n<ul class=\"wp-block-list\">\n<li><strong>Simplicidad:<\/strong> Una experiencia fluida y sencilla desde la compra hasta la entrega.<\/li>\n\n\n\n<li><strong>Privacidad:<\/strong> Tus datos se manejan de manera segura y confidencial.<\/li>\n\n\n\n<li><strong>Belleza:<\/strong> Informes dise\u00f1ados para ser <strong>significativos y visualmente impresionantes<\/strong>.<\/li>\n<\/ul>\n\n\n\n<hr class=\"wp-block-separator has-alpha-channel-opacity\"\/>\n\n\n\n<h2 class=\"wp-block-heading\">Qui\u00e9nes somos<\/h2>\n\n\n\n<p><strong>Natalsy<\/strong> es operado por <strong>Kreativ Style EOOD<\/strong>, una empresa con sede en <strong>Bulgaria<\/strong>.<\/p>\n\n\n\n<p>Somos un peque\u00f1o equipo apasionado por <strong>combinar tecnolog\u00eda, arte y astrolog\u00eda<\/strong> para ofrecerte un producto digital encantador.<\/p>\n\n\n\n<p>\ud83d\udce7 <strong>support@natalsy.com<\/strong><\/p>\n\n\n\n<hr class=\"wp-block-separator has-alpha-channel-opacity\"\/>\n\n\n\n<h2 class=\"wp-block-heading\">Por qu\u00e9 elegir Natalsy<\/h2>\n\n\n\n<p>Ya sea que tengas curiosidad por la astrolog\u00eda, busques un <strong>regalo \u00fanico<\/strong> o simplemente quieras <strong>explorar algo nuevo<\/strong>,<\/p>\n\n\n\n<p><strong>Natalsy<\/strong> te ofrece una forma <strong>hermosa, instant\u00e1nea y segura<\/strong> de experimentar la magia de las estrellas.<\/p>\n\n\n\n<hr class=\"wp-block-separator has-alpha-channel-opacity\"\/>\n","protected":false},"excerpt":{"rendered":"<p>Sobre Natalsy Bienvenido a Natalsy \u2013 tu gu\u00eda personal hacia las estrellas, entregada al instante. \u2728 Creamos informes astrol\u00f3gicos personalizados en formato PDF, generados autom\u00e1ticamente a partir de la informaci\u00f3n de nacimiento que nos proporcionas. Nuestra misi\u00f3n es hacer la astrolog\u00eda accesible, divertida y bellamente dise\u00f1ada, ofreci\u00e9ndote un recuerdo digital \u00fanico que puedes disfrutar o [&hellip;]<\/p>\n","protected":false},"author":1,"featured_media":0,"parent":0,"menu_order":0,"comment_status":"closed","ping_status":"closed","template":"","meta":{"footnotes":""},"class_list":["post-10634","page","type-page","status-publish","hentry"],"yoast_head":"<!-- This site is optimized with the Yoast SEO plugin v25.9 - https:\/\/yoast.com\/wordpress\/plugins\/seo\/ -->\n<title>Sobre Natalsy - Natalsy<\/title>\n<meta name=\"robots\" content=\"index, follow, max-snippet:-1, max-image-preview:large, max-video-preview:-1\" \/>\n<link rel=\"canonical\" href=\"https:\/\/natalsy.com\/es\/about\/\" \/>\n<meta property=\"og:locale\" content=\"es_ES\" \/>\n<meta property=\"og:type\" content=\"article\" \/>\n<meta property=\"og:title\" content=\"Sobre Natalsy - Natalsy\" \/>\n<meta property=\"og:description\" content=\"Sobre Natalsy Bienvenido a Natalsy \u2013 tu gu\u00eda personal hacia las estrellas, entregada al instante. \u2728 Creamos informes astrol\u00f3gicos personalizados en formato PDF, generados autom\u00e1ticamente a partir de la informaci\u00f3n de nacimiento que nos proporcionas. Nuestra misi\u00f3n es hacer la astrolog\u00eda accesible, divertida y bellamente dise\u00f1ada, ofreci\u00e9ndote un recuerdo digital \u00fanico que puedes disfrutar o [&hellip;]\" \/>\n<meta property=\"og:url\" content=\"https:\/\/natalsy.com\/es\/about\/\" \/>\n<meta property=\"og:site_name\" content=\"Natalsy\" \/>\n<meta property=\"article:modified_time\" content=\"2025-09-15T20:45:27+00:00\" \/>\n<meta property=\"og:image\" content=\"https:\/\/natalsy.com\/wp-content\/uploads\/2025\/09\/banner-1024x683.png\" \/>\n\t<meta property=\"og:image:width\" content=\"1024\" \/>\n\t<meta property=\"og:image:height\" content=\"683\" \/>\n\t<meta property=\"og:image:type\" content=\"image\/png\" \/>\n<meta name=\"twitter:card\" content=\"summary_large_image\" \/>\n<meta name=\"twitter:label1\" content=\"Tiempo de lectura\" \/>\n\t<meta name=\"twitter:data1\" content=\"1 minute\" \/>\n<script type=\"application\/ld+json\" class=\"yoast-schema-graph\">{\"@context\":\"https:\/\/schema.org\",\"@graph\":[{\"@type\":\"WebPage\",\"@id\":\"https:\/\/natalsy.com\/es\/about\/\",\"url\":\"https:\/\/natalsy.com\/es\/about\/\",\"name\":\"Sobre Natalsy - Natalsy\",\"isPartOf\":{\"@id\":\"https:\/\/natalsy.com\/#website\"},\"datePublished\":\"2025-09-15T20:45:26+00:00\",\"dateModified\":\"2025-09-15T20:45:27+00:00\",\"breadcrumb\":{\"@id\":\"https:\/\/natalsy.com\/es\/about\/#breadcrumb\"},\"inLanguage\":\"es-ES\",\"potentialAction\":[{\"@type\":\"ReadAction\",\"target\":[\"https:\/\/natalsy.com\/es\/about\/\"]}]},{\"@type\":\"BreadcrumbList\",\"@id\":\"https:\/\/natalsy.com\/es\/about\/#breadcrumb\",\"itemListElement\":[{\"@type\":\"ListItem\",\"position\":1,\"name\":\"Home\",\"item\":\"https:\/\/natalsy.com\/es\/\"},{\"@type\":\"ListItem\",\"position\":2,\"name\":\"Sobre Natalsy\"}]},{\"@type\":\"WebSite\",\"@id\":\"https:\/\/natalsy.com\/#website\",\"url\":\"https:\/\/natalsy.com\/\",\"name\":\"Natalsy\",\"description\":\"Your Personal Natal Chart \u2013 Beautiful PDF in 10 Minutes\",\"publisher\":{\"@id\":\"https:\/\/natalsy.com\/#organization\"},\"potentialAction\":[{\"@type\":\"SearchAction\",\"target\":{\"@type\":\"EntryPoint\",\"urlTemplate\":\"https:\/\/natalsy.com\/?s={search_term_string}\"},\"query-input\":{\"@type\":\"PropertyValueSpecification\",\"valueRequired\":true,\"valueName\":\"search_term_string\"}}],\"inLanguage\":\"es-ES\"},{\"@type\":\"Organization\",\"@id\":\"https:\/\/natalsy.com\/#organization\",\"name\":\"Natalsy\",\"url\":\"https:\/\/natalsy.com\/\",\"logo\":{\"@type\":\"ImageObject\",\"inLanguage\":\"es-ES\",\"@id\":\"https:\/\/natalsy.com\/#\/schema\/logo\/image\/\",\"url\":\"https:\/\/natalsy.com\/wp-content\/uploads\/2025\/09\/banner-1024x683.png\",\"contentUrl\":\"https:\/\/natalsy.com\/wp-content\/uploads\/2025\/09\/banner-1024x683.png\",\"width\":1024,\"height\":683,\"caption\":\"Natalsy\"},\"image\":{\"@id\":\"https:\/\/natalsy.com\/#\/schema\/logo\/image\/\"}}]}<\/script>\n<!-- \/ Yoast SEO plugin. -->","yoast_head_json":{"title":"Sobre Natalsy - Natalsy","robots":{"index":"index","follow":"follow","max-snippet":"max-snippet:-1","max-image-preview":"max-image-preview:large","max-video-preview":"max-video-preview:-1"},"canonical":"https:\/\/natalsy.com\/es\/about\/","og_locale":"es_ES","og_type":"article","og_title":"Sobre Natalsy - Natalsy","og_description":"Sobre Natalsy Bienvenido a Natalsy \u2013 tu gu\u00eda personal hacia las estrellas, entregada al instante. \u2728 Creamos informes astrol\u00f3gicos personalizados en formato PDF, generados autom\u00e1ticamente a partir de la informaci\u00f3n de nacimiento que nos proporcionas. Nuestra misi\u00f3n es hacer la astrolog\u00eda accesible, divertida y bellamente dise\u00f1ada, ofreci\u00e9ndote un recuerdo digital \u00fanico que puedes disfrutar o [&hellip;]","og_url":"https:\/\/natalsy.com\/es\/about\/","og_site_name":"Natalsy","article_modified_time":"2025-09-15T20:45:27+00:00","og_image":[{"width":1024,"height":683,"url":"https:\/\/natalsy.com\/wp-content\/uploads\/2025\/09\/banner-1024x683.png","type":"image\/png"}],"twitter_card":"summary_large_image","twitter_misc":{"Tiempo de lectura":"1 minute"},"schema":{"@context":"https:\/\/schema.org","@graph":[{"@type":"WebPage","@id":"https:\/\/natalsy.com\/es\/about\/","url":"https:\/\/natalsy.com\/es\/about\/","name":"Sobre Natalsy - Natalsy","isPartOf":{"@id":"https:\/\/natalsy.com\/#website"},"datePublished":"2025-09-15T20:45:26+00:00","dateModified":"2025-09-15T20:45:27+00:00","breadcrumb":{"@id":"https:\/\/natalsy.com\/es\/about\/#breadcrumb"},"inLanguage":"es-ES","potentialAction":[{"@type":"ReadAction","target":["https:\/\/natalsy.com\/es\/about\/"]}]},{"@type":"BreadcrumbList","@id":"https:\/\/natalsy.com\/es\/about\/#breadcrumb","itemListElement":[{"@type":"ListItem","position":1,"name":"Home","item":"https:\/\/natalsy.com\/es\/"},{"@type":"ListItem","position":2,"name":"Sobre Natalsy"}]},{"@type":"WebSite","@id":"https:\/\/natalsy.com\/#website","url":"https:\/\/natalsy.com\/","name":"Natalsy","description":"Your Personal Natal Chart \u2013 Beautiful PDF in 10 Minutes","publisher":{"@id":"https:\/\/natalsy.com\/#organization"},"potentialAction":[{"@type":"SearchAction","target":{"@type":"EntryPoint","urlTemplate":"https:\/\/natalsy.com\/?s={search_term_string}"},"query-input":{"@type":"PropertyValueSpecification","valueRequired":true,"valueName":"search_term_string"}}],"inLanguage":"es-ES"},{"@type":"Organization","@id":"https:\/\/natalsy.com\/#organization","name":"Natalsy","url":"https:\/\/natalsy.com\/","logo":{"@type":"ImageObject","inLanguage":"es-ES","@id":"https:\/\/natalsy.com\/#\/schema\/logo\/image\/","url":"https:\/\/natalsy.com\/wp-content\/uploads\/2025\/09\/banner-1024x683.png","contentUrl":"https:\/\/natalsy.com\/wp-content\/uploads\/2025\/09\/banner-1024x683.png","width":1024,"height":683,"caption":"Natalsy"},"image":{"@id":"https:\/\/natalsy.com\/#\/schema\/logo\/image\/"}}]}},"_links":{"self":[{"href":"https:\/\/natalsy.com\/wp-json\/wp\/v2\/pages\/10634","targetHints":{"allow":["GET"]}}],"collection":[{"href":"https:\/\/natalsy.com\/wp-json\/wp\/v2\/pages"}],"about":[{"href":"https:\/\/natalsy.com\/wp-json\/wp\/v2\/types\/page"}],"author":[{"embeddable":true,"href":"https:\/\/natalsy.com\/wp-json\/wp\/v2\/users\/1"}],"replies":[{"embeddable":true,"href":"https:\/\/natalsy.com\/wp-json\/wp\/v2\/comments?post=10634"}],"version-history":[{"count":1,"href":"https:\/\/natalsy.com\/wp-json\/wp\/v2\/pages\/10634\/revisions"}],"predecessor-version":[{"id":10635,"href":"https:\/\/natalsy.com\/wp-json\/wp\/v2\/pages\/10634\/revisions\/10635"}],"wp:attachment":[{"href":"https:\/\/natalsy.com\/wp-json\/wp\/v2\/media?parent=10634"}],"curies":[{"name":"wp","href":"https:\/\/api.w.org\/{rel}","templated":true}]}}