{"id":10654,"date":"2025-09-15T21:34:16","date_gmt":"2025-09-15T21:34:16","guid":{"rendered":"https:\/\/natalsy.com\/?page_id=10654"},"modified":"2025-09-15T21:34:17","modified_gmt":"2025-09-15T21:34:17","slug":"about","status":"publish","type":"page","link":"https:\/\/natalsy.com\/pt\/about\/","title":{"rendered":"Sobre a Natalsy"},"content":{"rendered":"\n<h1 class=\"wp-block-heading\">Sobre a Natalsy<\/h1>\n\n\n\n<p>Bem-vindo \u00e0 <strong>Natalsy<\/strong> \u2013 seu guia pessoal para as estrelas, entregue de forma instant\u00e2nea. \u2728<\/p>\n\n\n\n<p>Criamos <strong>relat\u00f3rios astrol\u00f3gicos personalizados em PDF<\/strong>, gerados automaticamente a partir das informa\u00e7\u00f5es de nascimento que voc\u00ea nos fornece.<\/p>\n\n\n\n<p>Nossa miss\u00e3o \u00e9 <strong>tornar a astrologia acess\u00edvel, divertida e visualmente encantadora<\/strong>, oferecendo a voc\u00ea uma lembran\u00e7a digital \u00fanica que pode guardar para si ou compartilhar com amigos.<\/p>\n\n\n\n<hr class=\"wp-block-separator has-alpha-channel-opacity\"\/>\n\n\n\n<h2 class=\"wp-block-heading\">O que fazemos<\/h2>\n\n\n\n<ol start=\"1\" class=\"wp-block-list\">\n<li>Voc\u00ea nos fornece seu <strong>nome, data e local de nascimento<\/strong>.<\/li>\n\n\n\n<li>Nosso sistema gera um <strong>relat\u00f3rio PDF personalizado e lindo<\/strong>, baseado nesses dados.<\/li>\n\n\n\n<li>Voc\u00ea recebe seu relat\u00f3rio <strong>diretamente no seu e-mail<\/strong>, normalmente em <strong>poucos minutos<\/strong>.<\/li>\n<\/ol>\n\n\n\n<p>Todo o processo \u00e9 <strong>totalmente automatizado<\/strong>, para que voc\u00ea possa receber seu relat\u00f3rio a qualquer hora, em qualquer lugar \u2014 <strong>instantaneamente e com seguran\u00e7a<\/strong>.<\/p>\n\n\n\n<hr class=\"wp-block-separator has-alpha-channel-opacity\"\/>\n\n\n\n<h2 class=\"wp-block-heading\">Somente para fins de entretenimento<\/h2>\n\n\n\n<p>Nossos relat\u00f3rios s\u00e3o criados <strong>exclusivamente para fins de entretenimento<\/strong>.<\/p>\n\n\n\n<p>Eles <strong>n\u00e3o cont\u00eam<\/strong> previs\u00f5es, conselhos m\u00e9dicos ou orienta\u00e7\u00f5es financeiras.<\/p>\n\n\n\n<p>Pense na <strong>Natalsy<\/strong> como uma forma de <strong>explorar a astrologia de maneira divertida, moderna e criativa<\/strong> \u2014 e n\u00e3o como uma fonte de aconselhamento profissional.<\/p>\n\n\n\n<hr class=\"wp-block-separator has-alpha-channel-opacity\"\/>\n\n\n\n<h2 class=\"wp-block-heading\">Nossos valores<\/h2>\n\n\n\n<ul class=\"wp-block-list\">\n<li><strong>Simplicidade:<\/strong> Uma experi\u00eancia fluida e sem complica\u00e7\u00f5es, do pedido \u00e0 entrega.<\/li>\n\n\n\n<li><strong>Privacidade:<\/strong> Seus dados s\u00e3o protegidos e tratados com seguran\u00e7a.<\/li>\n\n\n\n<li><strong>Beleza:<\/strong> Relat\u00f3rios projetados para serem <strong>significativos e visualmente impressionantes<\/strong>.<\/li>\n<\/ul>\n\n\n\n<hr class=\"wp-block-separator has-alpha-channel-opacity\"\/>\n\n\n\n<h2 class=\"wp-block-heading\">Quem somos<\/h2>\n\n\n\n<p>A <strong>Natalsy<\/strong> \u00e9 operada pela <strong>Kreativ Style EOOD<\/strong>, uma empresa com sede na <strong>Bulg\u00e1ria<\/strong>.<\/p>\n\n\n\n<p>Somos uma <strong>equipe pequena<\/strong>, apaixonada por <strong>combinar tecnologia, arte e astrologia<\/strong> para criar um produto digital encantador.<\/p>\n\n\n\n<p>\ud83d\udce7 <strong>support@natalsy.com<\/strong><\/p>\n\n\n\n<hr class=\"wp-block-separator has-alpha-channel-opacity\"\/>\n\n\n\n<h2 class=\"wp-block-heading\">Por que escolher a Natalsy<\/h2>\n\n\n\n<p>Seja por <strong>curiosidade sobre astrologia<\/strong>, pela busca de um <strong>presente \u00fanico<\/strong> ou simplesmente para <strong>experimentar algo novo<\/strong>,<\/p>\n\n\n\n<p>a <strong>Natalsy<\/strong> oferece uma maneira <strong>bonita, instant\u00e2nea e segura<\/strong> de vivenciar a magia das estrelas.<\/p>\n","protected":false},"excerpt":{"rendered":"<p>Sobre a Natalsy Bem-vindo \u00e0 Natalsy \u2013 seu guia pessoal para as estrelas, entregue de forma instant\u00e2nea. \u2728 Criamos relat\u00f3rios astrol\u00f3gicos personalizados em PDF, gerados automaticamente a partir das informa\u00e7\u00f5es de nascimento que voc\u00ea nos fornece. Nossa miss\u00e3o \u00e9 tornar a astrologia acess\u00edvel, divertida e visualmente encantadora, oferecendo a voc\u00ea uma lembran\u00e7a digital \u00fanica que [&hellip;]<\/p>\n","protected":false},"author":1,"featured_media":0,"parent":0,"menu_order":0,"comment_status":"closed","ping_status":"closed","template":"","meta":{"footnotes":""},"class_list":["post-10654","page","type-page","status-publish","hentry"],"yoast_head":"<!-- This site is optimized with the Yoast SEO plugin v25.9 - https:\/\/yoast.com\/wordpress\/plugins\/seo\/ -->\n<title>Sobre a Natalsy - Natalsy<\/title>\n<meta name=\"robots\" content=\"index, follow, max-snippet:-1, max-image-preview:large, max-video-preview:-1\" \/>\n<link rel=\"canonical\" href=\"https:\/\/natalsy.com\/pt\/about\/\" \/>\n<meta property=\"og:locale\" content=\"pt_PT\" \/>\n<meta property=\"og:type\" content=\"article\" \/>\n<meta property=\"og:title\" content=\"Sobre a Natalsy - Natalsy\" \/>\n<meta property=\"og:description\" content=\"Sobre a Natalsy Bem-vindo \u00e0 Natalsy \u2013 seu guia pessoal para as estrelas, entregue de forma instant\u00e2nea. \u2728 Criamos relat\u00f3rios astrol\u00f3gicos personalizados em PDF, gerados automaticamente a partir das informa\u00e7\u00f5es de nascimento que voc\u00ea nos fornece. Nossa miss\u00e3o \u00e9 tornar a astrologia acess\u00edvel, divertida e visualmente encantadora, oferecendo a voc\u00ea uma lembran\u00e7a digital \u00fanica que [&hellip;]\" \/>\n<meta property=\"og:url\" content=\"https:\/\/natalsy.com\/pt\/about\/\" \/>\n<meta property=\"og:site_name\" content=\"Natalsy\" \/>\n<meta property=\"article:modified_time\" content=\"2025-09-15T21:34:17+00:00\" \/>\n<meta property=\"og:image\" content=\"https:\/\/natalsy.com\/wp-content\/uploads\/2025\/09\/banner-1024x683.png\" \/>\n\t<meta property=\"og:image:width\" content=\"1024\" \/>\n\t<meta property=\"og:image:height\" content=\"683\" \/>\n\t<meta property=\"og:image:type\" content=\"image\/png\" \/>\n<meta name=\"twitter:card\" content=\"summary_large_image\" \/>\n<meta name=\"twitter:label1\" content=\"Tempo estimado de leitura\" \/>\n\t<meta name=\"twitter:data1\" content=\"1 minute\" \/>\n<script type=\"application\/ld+json\" class=\"yoast-schema-graph\">{\"@context\":\"https:\/\/schema.org\",\"@graph\":[{\"@type\":\"WebPage\",\"@id\":\"https:\/\/natalsy.com\/pt\/about\/\",\"url\":\"https:\/\/natalsy.com\/pt\/about\/\",\"name\":\"Sobre a Natalsy - Natalsy\",\"isPartOf\":{\"@id\":\"https:\/\/natalsy.com\/#website\"},\"datePublished\":\"2025-09-15T21:34:16+00:00\",\"dateModified\":\"2025-09-15T21:34:17+00:00\",\"breadcrumb\":{\"@id\":\"https:\/\/natalsy.com\/pt\/about\/#breadcrumb\"},\"inLanguage\":\"pt-PT\",\"potentialAction\":[{\"@type\":\"ReadAction\",\"target\":[\"https:\/\/natalsy.com\/pt\/about\/\"]}]},{\"@type\":\"BreadcrumbList\",\"@id\":\"https:\/\/natalsy.com\/pt\/about\/#breadcrumb\",\"itemListElement\":[{\"@type\":\"ListItem\",\"position\":1,\"name\":\"Home\",\"item\":\"https:\/\/natalsy.com\/pt\/\"},{\"@type\":\"ListItem\",\"position\":2,\"name\":\"Sobre a Natalsy\"}]},{\"@type\":\"WebSite\",\"@id\":\"https:\/\/natalsy.com\/#website\",\"url\":\"https:\/\/natalsy.com\/\",\"name\":\"Natalsy\",\"description\":\"Your Personal Natal Chart \u2013 Beautiful PDF in 10 Minutes\",\"publisher\":{\"@id\":\"https:\/\/natalsy.com\/#organization\"},\"potentialAction\":[{\"@type\":\"SearchAction\",\"target\":{\"@type\":\"EntryPoint\",\"urlTemplate\":\"https:\/\/natalsy.com\/?s={search_term_string}\"},\"query-input\":{\"@type\":\"PropertyValueSpecification\",\"valueRequired\":true,\"valueName\":\"search_term_string\"}}],\"inLanguage\":\"pt-PT\"},{\"@type\":\"Organization\",\"@id\":\"https:\/\/natalsy.com\/#organization\",\"name\":\"Natalsy\",\"url\":\"https:\/\/natalsy.com\/\",\"logo\":{\"@type\":\"ImageObject\",\"inLanguage\":\"pt-PT\",\"@id\":\"https:\/\/natalsy.com\/#\/schema\/logo\/image\/\",\"url\":\"https:\/\/natalsy.com\/wp-content\/uploads\/2025\/09\/banner-1024x683.png\",\"contentUrl\":\"https:\/\/natalsy.com\/wp-content\/uploads\/2025\/09\/banner-1024x683.png\",\"width\":1024,\"height\":683,\"caption\":\"Natalsy\"},\"image\":{\"@id\":\"https:\/\/natalsy.com\/#\/schema\/logo\/image\/\"}}]}<\/script>\n<!-- \/ Yoast SEO plugin. -->","yoast_head_json":{"title":"Sobre a Natalsy - Natalsy","robots":{"index":"index","follow":"follow","max-snippet":"max-snippet:-1","max-image-preview":"max-image-preview:large","max-video-preview":"max-video-preview:-1"},"canonical":"https:\/\/natalsy.com\/pt\/about\/","og_locale":"pt_PT","og_type":"article","og_title":"Sobre a Natalsy - Natalsy","og_description":"Sobre a Natalsy Bem-vindo \u00e0 Natalsy \u2013 seu guia pessoal para as estrelas, entregue de forma instant\u00e2nea. \u2728 Criamos relat\u00f3rios astrol\u00f3gicos personalizados em PDF, gerados automaticamente a partir das informa\u00e7\u00f5es de nascimento que voc\u00ea nos fornece. Nossa miss\u00e3o \u00e9 tornar a astrologia acess\u00edvel, divertida e visualmente encantadora, oferecendo a voc\u00ea uma lembran\u00e7a digital \u00fanica que [&hellip;]","og_url":"https:\/\/natalsy.com\/pt\/about\/","og_site_name":"Natalsy","article_modified_time":"2025-09-15T21:34:17+00:00","og_image":[{"width":1024,"height":683,"url":"https:\/\/natalsy.com\/wp-content\/uploads\/2025\/09\/banner-1024x683.png","type":"image\/png"}],"twitter_card":"summary_large_image","twitter_misc":{"Tempo estimado de leitura":"1 minute"},"schema":{"@context":"https:\/\/schema.org","@graph":[{"@type":"WebPage","@id":"https:\/\/natalsy.com\/pt\/about\/","url":"https:\/\/natalsy.com\/pt\/about\/","name":"Sobre a Natalsy - Natalsy","isPartOf":{"@id":"https:\/\/natalsy.com\/#website"},"datePublished":"2025-09-15T21:34:16+00:00","dateModified":"2025-09-15T21:34:17+00:00","breadcrumb":{"@id":"https:\/\/natalsy.com\/pt\/about\/#breadcrumb"},"inLanguage":"pt-PT","potentialAction":[{"@type":"ReadAction","target":["https:\/\/natalsy.com\/pt\/about\/"]}]},{"@type":"BreadcrumbList","@id":"https:\/\/natalsy.com\/pt\/about\/#breadcrumb","itemListElement":[{"@type":"ListItem","position":1,"name":"Home","item":"https:\/\/natalsy.com\/pt\/"},{"@type":"ListItem","position":2,"name":"Sobre a Natalsy"}]},{"@type":"WebSite","@id":"https:\/\/natalsy.com\/#website","url":"https:\/\/natalsy.com\/","name":"Natalsy","description":"Your Personal Natal Chart \u2013 Beautiful PDF in 10 Minutes","publisher":{"@id":"https:\/\/natalsy.com\/#organization"},"potentialAction":[{"@type":"SearchAction","target":{"@type":"EntryPoint","urlTemplate":"https:\/\/natalsy.com\/?s={search_term_string}"},"query-input":{"@type":"PropertyValueSpecification","valueRequired":true,"valueName":"search_term_string"}}],"inLanguage":"pt-PT"},{"@type":"Organization","@id":"https:\/\/natalsy.com\/#organization","name":"Natalsy","url":"https:\/\/natalsy.com\/","logo":{"@type":"ImageObject","inLanguage":"pt-PT","@id":"https:\/\/natalsy.com\/#\/schema\/logo\/image\/","url":"https:\/\/natalsy.com\/wp-content\/uploads\/2025\/09\/banner-1024x683.png","contentUrl":"https:\/\/natalsy.com\/wp-content\/uploads\/2025\/09\/banner-1024x683.png","width":1024,"height":683,"caption":"Natalsy"},"image":{"@id":"https:\/\/natalsy.com\/#\/schema\/logo\/image\/"}}]}},"_links":{"self":[{"href":"https:\/\/natalsy.com\/wp-json\/wp\/v2\/pages\/10654","targetHints":{"allow":["GET"]}}],"collection":[{"href":"https:\/\/natalsy.com\/wp-json\/wp\/v2\/pages"}],"about":[{"href":"https:\/\/natalsy.com\/wp-json\/wp\/v2\/types\/page"}],"author":[{"embeddable":true,"href":"https:\/\/natalsy.com\/wp-json\/wp\/v2\/users\/1"}],"replies":[{"embeddable":true,"href":"https:\/\/natalsy.com\/wp-json\/wp\/v2\/comments?post=10654"}],"version-history":[{"count":1,"href":"https:\/\/natalsy.com\/wp-json\/wp\/v2\/pages\/10654\/revisions"}],"predecessor-version":[{"id":10655,"href":"https:\/\/natalsy.com\/wp-json\/wp\/v2\/pages\/10654\/revisions\/10655"}],"wp:attachment":[{"href":"https:\/\/natalsy.com\/wp-json\/wp\/v2\/media?parent=10654"}],"curies":[{"name":"wp","href":"https:\/\/api.w.org\/{rel}","templated":true}]}}