{"id":10697,"date":"2025-09-16T20:59:27","date_gmt":"2025-09-16T20:59:27","guid":{"rendered":"https:\/\/natalsy.com\/?page_id=10697"},"modified":"2025-09-16T21:00:25","modified_gmt":"2025-09-16T21:00:25","slug":"privacy-policy","status":"publish","type":"page","link":"https:\/\/natalsy.com\/tr\/privacy-policy\/","title":{"rendered":"Gizlilik Politikas\u0131"},"content":{"rendered":"\n<h1 class=\"wp-block-heading\">Gizlilik Politikas\u0131<\/h1>\n\n\n\n<p><strong>Y\u00fcr\u00fcrl\u00fck tarihi:<\/strong> 11 Eyl\u00fcl 2025<\/p>\n\n\n\n<p><strong>Natalsy<\/strong> (\u201cbiz\u201d, \u201cbizim\u201d veya \u201cbize\u201d) gizlili\u011finize sayg\u0131 duyar ve ki\u015fisel bilgilerinizi korumay\u0131 taahh\u00fct eder.<\/p>\n\n\n\n<p>Bu Gizlilik Politikas\u0131, <strong>hangi verileri toplad\u0131\u011f\u0131m\u0131z\u0131<\/strong>, <strong>nas\u0131l kulland\u0131\u011f\u0131m\u0131z\u0131<\/strong> ve <strong>bu verilere ili\u015fkin haklar\u0131n\u0131z\u0131<\/strong> a\u00e7\u0131klar.<\/p>\n\n\n\n<hr class=\"wp-block-separator has-alpha-channel-opacity\"\/>\n\n\n\n<h2 class=\"wp-block-heading\">1. Toplad\u0131\u011f\u0131m\u0131z Bilgiler<\/h2>\n\n\n\n<p>Hizmetimizi kullanarak ki\u015fiselle\u015ftirilmi\u015f bir PDF raporu olu\u015fturdu\u011funuzda, a\u015fa\u011f\u0131daki bilgileri toplar\u0131z:<\/p>\n\n\n\n<ul class=\"wp-block-list\">\n<li><strong>Tam ad\u0131n\u0131z<\/strong> \u2013 raporunuzu ki\u015fiselle\u015ftirmek i\u00e7in kullan\u0131l\u0131r.<\/li>\n\n\n\n<li><strong>E-posta adresiniz<\/strong> \u2013 raporunuzu g\u00f6ndermek ve hesapla ilgili ileti\u015fim kurmak i\u00e7in kullan\u0131l\u0131r.<\/li>\n\n\n\n<li><strong>Do\u011fum tarihi<\/strong> \u2013 do\u011fru bir astroloji raporu olu\u015fturmak i\u00e7in gereklidir.<\/li>\n\n\n\n<li><strong>\u00d6deme bilgileri<\/strong> \u2013 \u00f6demeler <strong>Stripe<\/strong> arac\u0131l\u0131\u011f\u0131yla g\u00fcvenli bir \u015fekilde i\u015flenir.<\/li>\n<\/ul>\n\n\n\n<hr class=\"wp-block-separator has-alpha-channel-opacity\"\/>\n\n\n\n<h2 class=\"wp-block-heading\">2. Bilgilerinizi Nas\u0131l Kullan\u0131yoruz<\/h2>\n\n\n\n<p>Toplanan veriler a\u015fa\u011f\u0131daki ama\u00e7larla kullan\u0131l\u0131r:<\/p>\n\n\n\n<ul class=\"wp-block-list\">\n<li>Sa\u011flad\u0131\u011f\u0131n\u0131z bilgilere dayanarak <strong>ki\u015fiselle\u015ftirilmi\u015f PDF raporunuzu<\/strong> olu\u015fturmak.<\/li>\n\n\n\n<li>Raporu ve ilgili ileti\u015fimleri e-posta yoluyla size g\u00f6ndermek.<\/li>\n\n\n\n<li>\u00d6demeleri <strong>Stripe<\/strong> \u00fczerinden g\u00fcvenli bir \u015fekilde i\u015flemek.<\/li>\n\n\n\n<li><strong>Hizmetlerimizi geli\u015ftirmek<\/strong> i\u00e7in dahili analizler yapmak.<\/li>\n<\/ul>\n\n\n\n<hr class=\"wp-block-separator has-alpha-channel-opacity\"\/>\n\n\n\n<h2 class=\"wp-block-heading\">3. Veri Saklama<\/h2>\n\n\n\n<p>Ki\u015fisel bilgileriniz, <strong>g\u00fcvenli bir \u015fekilde<\/strong> sunucular\u0131m\u0131zda saklan\u0131r.<\/p>\n\n\n\n<p>Verilerinizi yaln\u0131zca a\u015fa\u011f\u0131daki durumlar i\u00e7in gerekli oldu\u011fu s\u00fcre boyunca tutar\u0131z:<\/p>\n\n\n\n<ul class=\"wp-block-list\">\n<li>Sat\u0131n ald\u0131\u011f\u0131n\u0131z PDF raporunu teslim etmek,<\/li>\n\n\n\n<li>Hukuki ve muhasebe kay\u0131tlar\u0131n\u0131 tutmak,<\/li>\n\n\n\n<li>Hizmetimizi geli\u015ftirmek.<\/li>\n<\/ul>\n\n\n\n<hr class=\"wp-block-separator has-alpha-channel-opacity\"\/>\n\n\n\n<h2 class=\"wp-block-heading\">4. Verilerin Payla\u015f\u0131lmas\u0131<\/h2>\n\n\n\n<p>Ki\u015fisel bilgilerinizi <strong>satm\u0131yor veya kiralam\u0131yoruz<\/strong>.<\/p>\n\n\n\n<p>Ancak, s\u0131n\u0131rl\u0131 verileri g\u00fcvenilir \u00fc\u00e7\u00fcnc\u00fc taraf hizmet sa\u011flay\u0131c\u0131larla payla\u015fabiliriz:<\/p>\n\n\n\n<ul class=\"wp-block-list\">\n<li><strong>Stripe<\/strong> \u2013 \u00f6demeleri g\u00fcvenli bir \u015fekilde i\u015flemek ve doland\u0131r\u0131c\u0131l\u0131\u011f\u0131 \u00f6nlemek i\u00e7in.<\/li>\n\n\n\n<li><strong>Mailgun<\/strong> \u2013 raporunuzu ve g\u00fcncellemeleri i\u00e7eren e-postalar\u0131 g\u00f6ndermek i\u00e7in.<\/li>\n<\/ul>\n\n\n\n<p>Her \u00fc\u00e7\u00fcnc\u00fc taraf sa\u011flay\u0131c\u0131n\u0131n <strong>kendi gizlilik politikalar\u0131 vard\u0131r<\/strong> ve verilerinizi korumaktan sorumludur.<\/p>\n\n\n\n<hr class=\"wp-block-separator has-alpha-channel-opacity\"\/>\n\n\n\n<h2 class=\"wp-block-heading\">5. Haklar\u0131n\u0131z<\/h2>\n\n\n\n<p>A\u015fa\u011f\u0131daki haklara sahipsiniz:<\/p>\n\n\n\n<ul class=\"wp-block-list\">\n<li>Ki\u015fisel verilerinizin <strong>silinmesini talep etme<\/strong>,<\/li>\n\n\n\n<li>Hakk\u0131n\u0131zda saklad\u0131\u011f\u0131m\u0131z verilere <strong>eri\u015fim sa\u011flama<\/strong>,<\/li>\n\n\n\n<li>Bilgilerinizi <strong>d\u00fczeltme veya g\u00fcncelleme<\/strong>.<\/li>\n<\/ul>\n\n\n\n<p>Bu haklar\u0131n\u0131z\u0131 kullanmak i\u00e7in l\u00fctfen bizimle ileti\u015fime ge\u00e7in:<\/p>\n\n\n\n<p>\ud83d\udce7 <strong>support@natalsy.com<\/strong><\/p>\n\n\n\n<p>Talebinize <strong>makul bir s\u00fcre i\u00e7inde<\/strong> yan\u0131t verece\u011fiz.<\/p>\n\n\n\n<hr class=\"wp-block-separator has-alpha-channel-opacity\"\/>\n\n\n\n<h2 class=\"wp-block-heading\">6. G\u00fcvenlik<\/h2>\n\n\n\n<p>Ki\u015fisel bilgilerinizi <strong>yetkisiz eri\u015fimden, kay\u0131ptan, k\u00f6t\u00fcye kullan\u0131mdan veya de\u011fi\u015ftirilmeden korumak<\/strong> i\u00e7in uygun teknik ve organizasyonel \u00f6nlemleri al\u0131yoruz.<\/p>\n\n\n\n<hr class=\"wp-block-separator has-alpha-channel-opacity\"\/>\n\n\n\n<h2 class=\"wp-block-heading\">7. Bu Politikadaki De\u011fi\u015fiklikler<\/h2>\n\n\n\n<p>Bu Gizlilik Politikas\u0131n\u0131 zaman zaman g\u00fcncelleyebiliriz.<\/p>\n\n\n\n<p>Herhangi bir de\u011fi\u015fiklik, <strong>g\u00fcncellenmi\u015f y\u00fcr\u00fcrl\u00fck tarihiyle birlikte<\/strong> bu sayfada yay\u0131nlanacakt\u0131r.<\/p>\n\n\n\n<hr class=\"wp-block-separator has-alpha-channel-opacity\"\/>\n\n\n\n<h2 class=\"wp-block-heading\">8. \u0130leti\u015fim<\/h2>\n\n\n\n<p>Bu Gizlilik Politikas\u0131 veya verilerinizin nas\u0131l i\u015flendi\u011fi hakk\u0131nda sorular\u0131n\u0131z varsa, l\u00fctfen bizimle ileti\u015fime ge\u00e7in:<\/p>\n\n\n\n<p>\ud83d\udce7 <strong>support@natalsy.com<\/strong><\/p>\n","protected":false},"excerpt":{"rendered":"<p>Gizlilik Politikas\u0131 Y\u00fcr\u00fcrl\u00fck tarihi: 11 Eyl\u00fcl 2025 Natalsy (\u201cbiz\u201d, \u201cbizim\u201d veya \u201cbize\u201d) gizlili\u011finize sayg\u0131 duyar ve ki\u015fisel bilgilerinizi korumay\u0131 taahh\u00fct eder. Bu Gizlilik Politikas\u0131, hangi verileri toplad\u0131\u011f\u0131m\u0131z\u0131, nas\u0131l kulland\u0131\u011f\u0131m\u0131z\u0131 ve bu verilere ili\u015fkin haklar\u0131n\u0131z\u0131 a\u00e7\u0131klar. 1. Toplad\u0131\u011f\u0131m\u0131z Bilgiler Hizmetimizi kullanarak ki\u015fiselle\u015ftirilmi\u015f bir PDF raporu olu\u015fturdu\u011funuzda, a\u015fa\u011f\u0131daki bilgileri toplar\u0131z: 2. Bilgilerinizi Nas\u0131l Kullan\u0131yoruz Toplanan veriler a\u015fa\u011f\u0131daki [&hellip;]<\/p>\n","protected":false},"author":1,"featured_media":0,"parent":0,"menu_order":0,"comment_status":"closed","ping_status":"closed","template":"","meta":{"footnotes":""},"class_list":["post-10697","page","type-page","status-publish","hentry"],"yoast_head":"<!-- This site is optimized with the Yoast SEO plugin v25.9 - https:\/\/yoast.com\/wordpress\/plugins\/seo\/ -->\n<title>Gizlilik Politikas\u0131 - Natalsy<\/title>\n<meta name=\"robots\" content=\"index, follow, max-snippet:-1, max-image-preview:large, max-video-preview:-1\" \/>\n<link rel=\"canonical\" href=\"https:\/\/natalsy.com\/tr\/privacy-policy\/\" \/>\n<meta property=\"og:locale\" content=\"tr_TR\" \/>\n<meta property=\"og:type\" content=\"article\" \/>\n<meta property=\"og:title\" content=\"Gizlilik Politikas\u0131 - Natalsy\" \/>\n<meta property=\"og:description\" content=\"Gizlilik Politikas\u0131 Y\u00fcr\u00fcrl\u00fck tarihi: 11 Eyl\u00fcl 2025 Natalsy (\u201cbiz\u201d, \u201cbizim\u201d veya \u201cbize\u201d) gizlili\u011finize sayg\u0131 duyar ve ki\u015fisel bilgilerinizi korumay\u0131 taahh\u00fct eder. Bu Gizlilik Politikas\u0131, hangi verileri toplad\u0131\u011f\u0131m\u0131z\u0131, nas\u0131l kulland\u0131\u011f\u0131m\u0131z\u0131 ve bu verilere ili\u015fkin haklar\u0131n\u0131z\u0131 a\u00e7\u0131klar. 1. Toplad\u0131\u011f\u0131m\u0131z Bilgiler Hizmetimizi kullanarak ki\u015fiselle\u015ftirilmi\u015f bir PDF raporu olu\u015fturdu\u011funuzda, a\u015fa\u011f\u0131daki bilgileri toplar\u0131z: 2. Bilgilerinizi Nas\u0131l Kullan\u0131yoruz Toplanan veriler a\u015fa\u011f\u0131daki [&hellip;]\" \/>\n<meta property=\"og:url\" content=\"https:\/\/natalsy.com\/tr\/privacy-policy\/\" \/>\n<meta property=\"og:site_name\" content=\"Natalsy\" \/>\n<meta property=\"article:modified_time\" content=\"2025-09-16T21:00:25+00:00\" \/>\n<meta property=\"og:image\" content=\"https:\/\/natalsy.com\/wp-content\/uploads\/2025\/09\/banner-1024x683.png\" \/>\n\t<meta property=\"og:image:width\" content=\"1024\" \/>\n\t<meta property=\"og:image:height\" content=\"683\" \/>\n\t<meta property=\"og:image:type\" content=\"image\/png\" \/>\n<meta name=\"twitter:card\" content=\"summary_large_image\" \/>\n<meta name=\"twitter:label1\" content=\"Tahmini okuma s\u00fcresi\" \/>\n\t<meta name=\"twitter:data1\" content=\"2 minutes\" \/>\n<script type=\"application\/ld+json\" class=\"yoast-schema-graph\">{\"@context\":\"https:\/\/schema.org\",\"@graph\":[{\"@type\":\"WebPage\",\"@id\":\"https:\/\/natalsy.com\/tr\/privacy-policy\/\",\"url\":\"https:\/\/natalsy.com\/tr\/privacy-policy\/\",\"name\":\"Gizlilik Politikas\u0131 - Natalsy\",\"isPartOf\":{\"@id\":\"https:\/\/natalsy.com\/#website\"},\"datePublished\":\"2025-09-16T20:59:27+00:00\",\"dateModified\":\"2025-09-16T21:00:25+00:00\",\"breadcrumb\":{\"@id\":\"https:\/\/natalsy.com\/tr\/privacy-policy\/#breadcrumb\"},\"inLanguage\":\"tr-TR\",\"potentialAction\":[{\"@type\":\"ReadAction\",\"target\":[\"https:\/\/natalsy.com\/tr\/privacy-policy\/\"]}]},{\"@type\":\"BreadcrumbList\",\"@id\":\"https:\/\/natalsy.com\/tr\/privacy-policy\/#breadcrumb\",\"itemListElement\":[{\"@type\":\"ListItem\",\"position\":1,\"name\":\"Home\",\"item\":\"https:\/\/natalsy.com\/tr\/\"},{\"@type\":\"ListItem\",\"position\":2,\"name\":\"Gizlilik Politikas\u0131\"}]},{\"@type\":\"WebSite\",\"@id\":\"https:\/\/natalsy.com\/#website\",\"url\":\"https:\/\/natalsy.com\/\",\"name\":\"Natalsy\",\"description\":\"Your Personal Natal Chart \u2013 Beautiful PDF in 10 Minutes\",\"publisher\":{\"@id\":\"https:\/\/natalsy.com\/#organization\"},\"potentialAction\":[{\"@type\":\"SearchAction\",\"target\":{\"@type\":\"EntryPoint\",\"urlTemplate\":\"https:\/\/natalsy.com\/?s={search_term_string}\"},\"query-input\":{\"@type\":\"PropertyValueSpecification\",\"valueRequired\":true,\"valueName\":\"search_term_string\"}}],\"inLanguage\":\"tr-TR\"},{\"@type\":\"Organization\",\"@id\":\"https:\/\/natalsy.com\/#organization\",\"name\":\"Natalsy\",\"url\":\"https:\/\/natalsy.com\/\",\"logo\":{\"@type\":\"ImageObject\",\"inLanguage\":\"tr-TR\",\"@id\":\"https:\/\/natalsy.com\/#\/schema\/logo\/image\/\",\"url\":\"https:\/\/natalsy.com\/wp-content\/uploads\/2025\/09\/banner-1024x683.png\",\"contentUrl\":\"https:\/\/natalsy.com\/wp-content\/uploads\/2025\/09\/banner-1024x683.png\",\"width\":1024,\"height\":683,\"caption\":\"Natalsy\"},\"image\":{\"@id\":\"https:\/\/natalsy.com\/#\/schema\/logo\/image\/\"}}]}<\/script>\n<!-- \/ Yoast SEO plugin. -->","yoast_head_json":{"title":"Gizlilik Politikas\u0131 - Natalsy","robots":{"index":"index","follow":"follow","max-snippet":"max-snippet:-1","max-image-preview":"max-image-preview:large","max-video-preview":"max-video-preview:-1"},"canonical":"https:\/\/natalsy.com\/tr\/privacy-policy\/","og_locale":"tr_TR","og_type":"article","og_title":"Gizlilik Politikas\u0131 - Natalsy","og_description":"Gizlilik Politikas\u0131 Y\u00fcr\u00fcrl\u00fck tarihi: 11 Eyl\u00fcl 2025 Natalsy (\u201cbiz\u201d, \u201cbizim\u201d veya \u201cbize\u201d) gizlili\u011finize sayg\u0131 duyar ve ki\u015fisel bilgilerinizi korumay\u0131 taahh\u00fct eder. Bu Gizlilik Politikas\u0131, hangi verileri toplad\u0131\u011f\u0131m\u0131z\u0131, nas\u0131l kulland\u0131\u011f\u0131m\u0131z\u0131 ve bu verilere ili\u015fkin haklar\u0131n\u0131z\u0131 a\u00e7\u0131klar. 1. Toplad\u0131\u011f\u0131m\u0131z Bilgiler Hizmetimizi kullanarak ki\u015fiselle\u015ftirilmi\u015f bir PDF raporu olu\u015fturdu\u011funuzda, a\u015fa\u011f\u0131daki bilgileri toplar\u0131z: 2. Bilgilerinizi Nas\u0131l Kullan\u0131yoruz Toplanan veriler a\u015fa\u011f\u0131daki [&hellip;]","og_url":"https:\/\/natalsy.com\/tr\/privacy-policy\/","og_site_name":"Natalsy","article_modified_time":"2025-09-16T21:00:25+00:00","og_image":[{"width":1024,"height":683,"url":"https:\/\/natalsy.com\/wp-content\/uploads\/2025\/09\/banner-1024x683.png","type":"image\/png"}],"twitter_card":"summary_large_image","twitter_misc":{"Tahmini okuma s\u00fcresi":"2 minutes"},"schema":{"@context":"https:\/\/schema.org","@graph":[{"@type":"WebPage","@id":"https:\/\/natalsy.com\/tr\/privacy-policy\/","url":"https:\/\/natalsy.com\/tr\/privacy-policy\/","name":"Gizlilik Politikas\u0131 - Natalsy","isPartOf":{"@id":"https:\/\/natalsy.com\/#website"},"datePublished":"2025-09-16T20:59:27+00:00","dateModified":"2025-09-16T21:00:25+00:00","breadcrumb":{"@id":"https:\/\/natalsy.com\/tr\/privacy-policy\/#breadcrumb"},"inLanguage":"tr-TR","potentialAction":[{"@type":"ReadAction","target":["https:\/\/natalsy.com\/tr\/privacy-policy\/"]}]},{"@type":"BreadcrumbList","@id":"https:\/\/natalsy.com\/tr\/privacy-policy\/#breadcrumb","itemListElement":[{"@type":"ListItem","position":1,"name":"Home","item":"https:\/\/natalsy.com\/tr\/"},{"@type":"ListItem","position":2,"name":"Gizlilik Politikas\u0131"}]},{"@type":"WebSite","@id":"https:\/\/natalsy.com\/#website","url":"https:\/\/natalsy.com\/","name":"Natalsy","description":"Your Personal Natal Chart \u2013 Beautiful PDF in 10 Minutes","publisher":{"@id":"https:\/\/natalsy.com\/#organization"},"potentialAction":[{"@type":"SearchAction","target":{"@type":"EntryPoint","urlTemplate":"https:\/\/natalsy.com\/?s={search_term_string}"},"query-input":{"@type":"PropertyValueSpecification","valueRequired":true,"valueName":"search_term_string"}}],"inLanguage":"tr-TR"},{"@type":"Organization","@id":"https:\/\/natalsy.com\/#organization","name":"Natalsy","url":"https:\/\/natalsy.com\/","logo":{"@type":"ImageObject","inLanguage":"tr-TR","@id":"https:\/\/natalsy.com\/#\/schema\/logo\/image\/","url":"https:\/\/natalsy.com\/wp-content\/uploads\/2025\/09\/banner-1024x683.png","contentUrl":"https:\/\/natalsy.com\/wp-content\/uploads\/2025\/09\/banner-1024x683.png","width":1024,"height":683,"caption":"Natalsy"},"image":{"@id":"https:\/\/natalsy.com\/#\/schema\/logo\/image\/"}}]}},"_links":{"self":[{"href":"https:\/\/natalsy.com\/wp-json\/wp\/v2\/pages\/10697","targetHints":{"allow":["GET"]}}],"collection":[{"href":"https:\/\/natalsy.com\/wp-json\/wp\/v2\/pages"}],"about":[{"href":"https:\/\/natalsy.com\/wp-json\/wp\/v2\/types\/page"}],"author":[{"embeddable":true,"href":"https:\/\/natalsy.com\/wp-json\/wp\/v2\/users\/1"}],"replies":[{"embeddable":true,"href":"https:\/\/natalsy.com\/wp-json\/wp\/v2\/comments?post=10697"}],"version-history":[{"count":1,"href":"https:\/\/natalsy.com\/wp-json\/wp\/v2\/pages\/10697\/revisions"}],"predecessor-version":[{"id":10698,"href":"https:\/\/natalsy.com\/wp-json\/wp\/v2\/pages\/10697\/revisions\/10698"}],"wp:attachment":[{"href":"https:\/\/natalsy.com\/wp-json\/wp\/v2\/media?parent=10697"}],"curies":[{"name":"wp","href":"https:\/\/api.w.org\/{rel}","templated":true}]}}