{"id":10699,"date":"2025-09-16T21:06:12","date_gmt":"2025-09-16T21:06:12","guid":{"rendered":"https:\/\/natalsy.com\/?page_id=10699"},"modified":"2025-09-16T21:06:13","modified_gmt":"2025-09-16T21:06:13","slug":"terms-of-service","status":"publish","type":"page","link":"https:\/\/natalsy.com\/tr\/terms-of-service\/","title":{"rendered":"Hizmet \u015eartlar\u0131"},"content":{"rendered":"\n<h1 class=\"wp-block-heading\">Hizmet \u015eartlar\u0131<\/h1>\n\n\n\n<p><strong>Y\u00fcr\u00fcrl\u00fck tarihi:<\/strong> 11 Eyl\u00fcl 2025<\/p>\n\n\n\n<p>Bu Hizmet \u015eartlar\u0131 (\u201c\u015eartlar\u201d), <strong>Natalsy<\/strong>\u2019nin (\u201cbiz\u201d, \u201cbizim\u201d veya \u201cbize\u201d) kullan\u0131m\u0131n\u0131z\u0131 d\u00fczenler.<\/p>\n\n\n\n<p>Web sitemizden bir \u00fcr\u00fcn sat\u0131n alarak, bu \u015eartlar\u0131 kabul etmi\u015f olursunuz.<\/p>\n\n\n\n<p>L\u00fctfen sipari\u015f vermeden \u00f6nce dikkatlice okuyun.<\/p>\n\n\n\n<hr class=\"wp-block-separator has-alpha-channel-opacity\"\/>\n\n\n\n<h2 class=\"wp-block-heading\">1. \u00dcr\u00fcn\u00fcm\u00fcz<\/h2>\n\n\n\n<p><strong>Natalsy<\/strong>, <strong>ki\u015fisel astroloji raporunu PDF format\u0131nda<\/strong> (\u201cRapor\u201d) dijital bir \u00fcr\u00fcn olarak sunar.<\/p>\n\n\n\n<p>Bu rapor, sa\u011flad\u0131\u011f\u0131n\u0131z bilgiler temel al\u0131narak olu\u015fturulur.<\/p>\n\n\n\n<ul class=\"wp-block-list\">\n<li>Rapor yaln\u0131zca <strong>e\u011flence ama\u00e7l\u0131d\u0131r<\/strong> ve <strong>tahminler veya profesyonel tavsiyeler i\u00e7ermez<\/strong>.<\/li>\n\n\n\n<li>Ba\u015far\u0131l\u0131 \u00f6deme ve veri g\u00f6nderiminden sonra raporunuz <strong>e-posta yoluyla<\/strong> size teslim edilir.<\/li>\n\n\n\n<li><strong>Fiziksel \u00fcr\u00fcnler g\u00f6nderilmez<\/strong>.<\/li>\n<\/ul>\n\n\n\n<hr class=\"wp-block-separator has-alpha-channel-opacity\"\/>\n\n\n\n<h2 class=\"wp-block-heading\">2. Sa\u011flad\u0131\u011f\u0131n\u0131z Bilgiler<\/h2>\n\n\n\n<p>Raporunuzu olu\u015fturabilmemiz i\u00e7in <strong>do\u011fru ve eksiksiz bilgiler<\/strong> sa\u011flaman\u0131z gerekir. Bu bilgiler \u015funlar\u0131 i\u00e7erir:<\/p>\n\n\n\n<ul class=\"wp-block-list\">\n<li><strong>Tam ad\u0131n\u0131z<\/strong><\/li>\n\n\n\n<li><strong>Do\u011fum tarihi ve yeri<\/strong><\/li>\n\n\n\n<li>Raporun teslimi i\u00e7in <strong>e-posta adresi<\/strong><\/li>\n<\/ul>\n\n\n\n<p>Yanl\u0131\u015f veya eksik bilgi verilmesi <strong>hatal\u0131 bir rapora<\/strong> neden olabilir.<\/p>\n\n\n\n<blockquote class=\"wp-block-quote is-layout-flow wp-block-quote-is-layout-flow\">\n<p>Kullan\u0131c\u0131 taraf\u0131ndan sa\u011flanan yanl\u0131\u015f bilgilerden kaynaklanan hatalardan <strong>sorumlu de\u011filiz<\/strong>.<\/p>\n<\/blockquote>\n\n\n\n<hr class=\"wp-block-separator has-alpha-channel-opacity\"\/>\n\n\n\n<h2 class=\"wp-block-heading\">3. \u00d6demeler<\/h2>\n\n\n\n<ul class=\"wp-block-list\">\n<li>T\u00fcm \u00f6demeler <strong>Stripe<\/strong> arac\u0131l\u0131\u011f\u0131yla g\u00fcvenli bir \u015fekilde i\u015flenir.<\/li>\n\n\n\n<li>Sat\u0131n alma i\u015flemi ger\u00e7ekle\u015ftirerek, Rapor i\u00e7in belirtilen fiyat\u0131, ge\u00e7erli vergi ve \u00fccretler dahil <strong>tam olarak \u00f6demeyi kabul etmi\u015f olursunuz<\/strong>.<\/li>\n<\/ul>\n\n\n\n<hr class=\"wp-block-separator has-alpha-channel-opacity\"\/>\n\n\n\n<h2 class=\"wp-block-heading\">4. Teslimat<\/h2>\n\n\n\n<ul class=\"wp-block-list\">\n<li>Ba\u015far\u0131l\u0131 \u00f6deme sonras\u0131nda, ki\u015fiselle\u015ftirilmi\u015f PDF raporunuz <strong>sa\u011flad\u0131\u011f\u0131n\u0131z e-posta adresine<\/strong> g\u00f6nderilir.<\/li>\n\n\n\n<li>Teslimat genellikle <strong>an\u0131nda<\/strong> ger\u00e7ekle\u015fir, ancak baz\u0131 durumlarda <strong>24 saate kadar<\/strong> s\u00fcrebilir.<\/li>\n\n\n\n<li><strong>24 saat i\u00e7inde raporunuzu almazsan\u0131z<\/strong>, l\u00fctfen destek ekibimizle ileti\u015fime ge\u00e7in: \ud83d\udce7 <strong>support@natalsy.com<\/strong><\/li>\n<\/ul>\n\n\n\n<hr class=\"wp-block-separator has-alpha-channel-opacity\"\/>\n\n\n\n<h2 class=\"wp-block-heading\">5. \u0130ade Politikas\u0131<\/h2>\n\n\n\n<p>\u00dcr\u00fcn\u00fcm\u00fcz <strong>dijital bir \u00fcr\u00fcn<\/strong> oldu\u011fundan ve sat\u0131n alma i\u015fleminden hemen sonra teslim edildi\u011finden,<\/p>\n\n\n\n<p><strong>genellikle iade yap\u0131lmaz<\/strong>.<\/p>\n\n\n\n<p>Ancak a\u015fa\u011f\u0131daki durumlarda istisnalar olabilir:<\/p>\n\n\n\n<ul class=\"wp-block-list\">\n<li>PDF raporu <strong>e-posta adresinize ula\u015fmam\u0131\u015fsa<\/strong>,<\/li>\n\n\n\n<li>Teslim edilen rapor <strong>kullan\u0131m\u0131n\u0131 engelleyen kritik hatalar<\/strong> i\u00e7eriyorsa.<\/li>\n<\/ul>\n\n\n\n<p>Bu durumlarda iade talebi i\u00e7in bizimle ileti\u015fime ge\u00e7in:<\/p>\n\n\n\n<p>\ud83d\udce7 <strong>support@natalsy.com<\/strong><\/p>\n\n\n\n<hr class=\"wp-block-separator has-alpha-channel-opacity\"\/>\n\n\n\n<h2 class=\"wp-block-heading\">6. Garanti veya Tahmin Yoktur<\/h2>\n\n\n\n<p>Natalsy taraf\u0131ndan sa\u011flanan rapor yaln\u0131zca <strong>e\u011flence ama\u00e7l\u0131d\u0131r<\/strong>.<\/p>\n\n\n\n<ul class=\"wp-block-list\">\n<li><strong>Tahminler, profesyonel tavsiyeler veya garanti edilen sonu\u00e7lar sa\u011flamaz<\/strong>.<\/li>\n\n\n\n<li>Raporda yer alan bilgilerin nas\u0131l yorumland\u0131\u011f\u0131 veya kullan\u0131ld\u0131\u011f\u0131 konusunda <strong>sorumluluk kabul etmiyoruz<\/strong>.<\/li>\n<\/ul>\n\n\n\n<hr class=\"wp-block-separator has-alpha-channel-opacity\"\/>\n\n\n\n<h2 class=\"wp-block-heading\">7. Fikri M\u00fclkiyet Haklar\u0131<\/h2>\n\n\n\n<p>Web sitemizdeki ve raporlar\u0131m\u0131zdaki t\u00fcm i\u00e7erikler \u2014 <strong>tasar\u0131mlar, metinler, g\u00f6rseller ve yaz\u0131l\u0131mlar<\/strong> \u2014 <strong>Natalsy<\/strong> veya lisans sahiplerine aittir.<\/p>\n\n\n\n<ul class=\"wp-block-list\">\n<li>Raporun veya i\u00e7eri\u011fimizin herhangi bir k\u0131sm\u0131n\u0131 <strong>\u00f6nceden yaz\u0131l\u0131 izin olmadan<\/strong> kopyalayamaz, da\u011f\u0131tamaz veya yeniden satamazs\u0131n\u0131z.<\/li>\n<\/ul>\n\n\n\n<hr class=\"wp-block-separator has-alpha-channel-opacity\"\/>\n\n\n\n<h2 class=\"wp-block-heading\">8. Sorumluluk S\u0131n\u0131rlamas\u0131<\/h2>\n\n\n\n<p>Natalsy, a\u015fa\u011f\u0131dakilerden kaynaklanan do\u011frudan, dolayl\u0131, tesad\u00fcfi veya sonu\u00e7 olarak ortaya \u00e7\u0131kan zararlardan <strong>sorumlu de\u011fildir<\/strong>:<\/p>\n\n\n\n<ul class=\"wp-block-list\">\n<li>\u00dcr\u00fcn\u00fcm\u00fcz\u00fc kullanma veya kullanamama,<\/li>\n\n\n\n<li>Kullan\u0131c\u0131 taraf\u0131ndan sa\u011flanan yanl\u0131\u015f bilgilerden kaynaklanan hatalar,<\/li>\n\n\n\n<li>Kontrol\u00fcm\u00fcz d\u0131\u015f\u0131ndaki teknik sorunlar.<\/li>\n<\/ul>\n\n\n\n<p>Toplam sorumlulu\u011fumuz, <strong>rapor i\u00e7in \u00f6dedi\u011finiz miktar\u0131 a\u015fmayacakt\u0131r<\/strong>.<\/p>\n\n\n\n<hr class=\"wp-block-separator has-alpha-channel-opacity\"\/>\n\n\n\n<h2 class=\"wp-block-heading\">9. Ge\u00e7erli Hukuk<\/h2>\n\n\n\n<p>Bu \u015eartlar, <strong>Bulgaristan yasalar\u0131na<\/strong> tabi olacak ve bu yasalara g\u00f6re yorumlanacakt\u0131r.<\/p>\n\n\n\n<p>Herhangi bir uyu\u015fmazl\u0131k, yaln\u0131zca <strong>Bulgaristan\u2019daki yetkili mahkemelerde<\/strong> \u00e7\u00f6z\u00fclecektir.<\/p>\n\n\n\n<hr class=\"wp-block-separator has-alpha-channel-opacity\"\/>\n\n\n\n<h2 class=\"wp-block-heading\">10. \u015eirket Bilgileri<\/h2>\n\n\n\n<p>Bu hizmet \u015fu \u015firket taraf\u0131ndan i\u015fletilmektedir:<\/p>\n\n\n\n<p><strong>Kreativ Style EOOD<\/strong><\/p>\n\n\n\n<p>Bulgaristan<\/p>\n\n\n\n<p>\ud83d\udce7 <strong>support@natalsy.com<\/strong><\/p>\n\n\n\n<hr class=\"wp-block-separator has-alpha-channel-opacity\"\/>\n\n\n\n<h2 class=\"wp-block-heading\">11. \u015eartlarda De\u011fi\u015fiklikler<\/h2>\n\n\n\n<p>Bu \u015eartlar\u0131 zaman zaman g\u00fcncelleyebiliriz.<\/p>\n\n\n\n<p>G\u00fcncellenmi\u015f s\u00fcr\u00fcm her zaman web sitemizde <strong>g\u00fcncellenmi\u015f y\u00fcr\u00fcrl\u00fck tarihiyle birlikte<\/strong> yay\u0131nlanacakt\u0131r.<\/p>\n","protected":false},"excerpt":{"rendered":"<p>Hizmet \u015eartlar\u0131 Y\u00fcr\u00fcrl\u00fck tarihi: 11 Eyl\u00fcl 2025 Bu Hizmet \u015eartlar\u0131 (\u201c\u015eartlar\u201d), Natalsy\u2019nin (\u201cbiz\u201d, \u201cbizim\u201d veya \u201cbize\u201d) kullan\u0131m\u0131n\u0131z\u0131 d\u00fczenler. Web sitemizden bir \u00fcr\u00fcn sat\u0131n alarak, bu \u015eartlar\u0131 kabul etmi\u015f olursunuz. L\u00fctfen sipari\u015f vermeden \u00f6nce dikkatlice okuyun. 1. \u00dcr\u00fcn\u00fcm\u00fcz Natalsy, ki\u015fisel astroloji raporunu PDF format\u0131nda (\u201cRapor\u201d) dijital bir \u00fcr\u00fcn olarak sunar. Bu rapor, sa\u011flad\u0131\u011f\u0131n\u0131z bilgiler temel al\u0131narak [&hellip;]<\/p>\n","protected":false},"author":1,"featured_media":0,"parent":0,"menu_order":0,"comment_status":"closed","ping_status":"closed","template":"","meta":{"footnotes":""},"class_list":["post-10699","page","type-page","status-publish","hentry"],"yoast_head":"<!-- This site is optimized with the Yoast SEO plugin v25.9 - https:\/\/yoast.com\/wordpress\/plugins\/seo\/ -->\n<title>Hizmet \u015eartlar\u0131 - Natalsy<\/title>\n<meta name=\"robots\" content=\"index, follow, max-snippet:-1, max-image-preview:large, max-video-preview:-1\" \/>\n<link rel=\"canonical\" href=\"https:\/\/natalsy.com\/tr\/terms-of-service\/\" \/>\n<meta property=\"og:locale\" content=\"tr_TR\" \/>\n<meta property=\"og:type\" content=\"article\" \/>\n<meta property=\"og:title\" content=\"Hizmet \u015eartlar\u0131 - Natalsy\" \/>\n<meta property=\"og:description\" content=\"Hizmet \u015eartlar\u0131 Y\u00fcr\u00fcrl\u00fck tarihi: 11 Eyl\u00fcl 2025 Bu Hizmet \u015eartlar\u0131 (\u201c\u015eartlar\u201d), Natalsy\u2019nin (\u201cbiz\u201d, \u201cbizim\u201d veya \u201cbize\u201d) kullan\u0131m\u0131n\u0131z\u0131 d\u00fczenler. Web sitemizden bir \u00fcr\u00fcn sat\u0131n alarak, bu \u015eartlar\u0131 kabul etmi\u015f olursunuz. L\u00fctfen sipari\u015f vermeden \u00f6nce dikkatlice okuyun. 1. \u00dcr\u00fcn\u00fcm\u00fcz Natalsy, ki\u015fisel astroloji raporunu PDF format\u0131nda (\u201cRapor\u201d) dijital bir \u00fcr\u00fcn olarak sunar. Bu rapor, sa\u011flad\u0131\u011f\u0131n\u0131z bilgiler temel al\u0131narak [&hellip;]\" \/>\n<meta property=\"og:url\" content=\"https:\/\/natalsy.com\/tr\/terms-of-service\/\" \/>\n<meta property=\"og:site_name\" content=\"Natalsy\" \/>\n<meta property=\"article:modified_time\" content=\"2025-09-16T21:06:13+00:00\" \/>\n<meta property=\"og:image\" content=\"https:\/\/natalsy.com\/wp-content\/uploads\/2025\/09\/banner-1024x683.png\" \/>\n\t<meta property=\"og:image:width\" content=\"1024\" \/>\n\t<meta property=\"og:image:height\" content=\"683\" \/>\n\t<meta property=\"og:image:type\" content=\"image\/png\" \/>\n<meta name=\"twitter:card\" content=\"summary_large_image\" \/>\n<meta name=\"twitter:label1\" content=\"Tahmini okuma s\u00fcresi\" \/>\n\t<meta name=\"twitter:data1\" content=\"3 minutes\" \/>\n<script type=\"application\/ld+json\" class=\"yoast-schema-graph\">{\"@context\":\"https:\/\/schema.org\",\"@graph\":[{\"@type\":\"WebPage\",\"@id\":\"https:\/\/natalsy.com\/tr\/terms-of-service\/\",\"url\":\"https:\/\/natalsy.com\/tr\/terms-of-service\/\",\"name\":\"Hizmet \u015eartlar\u0131 - Natalsy\",\"isPartOf\":{\"@id\":\"https:\/\/natalsy.com\/#website\"},\"datePublished\":\"2025-09-16T21:06:12+00:00\",\"dateModified\":\"2025-09-16T21:06:13+00:00\",\"breadcrumb\":{\"@id\":\"https:\/\/natalsy.com\/tr\/terms-of-service\/#breadcrumb\"},\"inLanguage\":\"tr-TR\",\"potentialAction\":[{\"@type\":\"ReadAction\",\"target\":[\"https:\/\/natalsy.com\/tr\/terms-of-service\/\"]}]},{\"@type\":\"BreadcrumbList\",\"@id\":\"https:\/\/natalsy.com\/tr\/terms-of-service\/#breadcrumb\",\"itemListElement\":[{\"@type\":\"ListItem\",\"position\":1,\"name\":\"Home\",\"item\":\"https:\/\/natalsy.com\/tr\/\"},{\"@type\":\"ListItem\",\"position\":2,\"name\":\"Hizmet \u015eartlar\u0131\"}]},{\"@type\":\"WebSite\",\"@id\":\"https:\/\/natalsy.com\/#website\",\"url\":\"https:\/\/natalsy.com\/\",\"name\":\"Natalsy\",\"description\":\"Your Personal Natal Chart \u2013 Beautiful PDF in 10 Minutes\",\"publisher\":{\"@id\":\"https:\/\/natalsy.com\/#organization\"},\"potentialAction\":[{\"@type\":\"SearchAction\",\"target\":{\"@type\":\"EntryPoint\",\"urlTemplate\":\"https:\/\/natalsy.com\/?s={search_term_string}\"},\"query-input\":{\"@type\":\"PropertyValueSpecification\",\"valueRequired\":true,\"valueName\":\"search_term_string\"}}],\"inLanguage\":\"tr-TR\"},{\"@type\":\"Organization\",\"@id\":\"https:\/\/natalsy.com\/#organization\",\"name\":\"Natalsy\",\"url\":\"https:\/\/natalsy.com\/\",\"logo\":{\"@type\":\"ImageObject\",\"inLanguage\":\"tr-TR\",\"@id\":\"https:\/\/natalsy.com\/#\/schema\/logo\/image\/\",\"url\":\"https:\/\/natalsy.com\/wp-content\/uploads\/2025\/09\/banner-1024x683.png\",\"contentUrl\":\"https:\/\/natalsy.com\/wp-content\/uploads\/2025\/09\/banner-1024x683.png\",\"width\":1024,\"height\":683,\"caption\":\"Natalsy\"},\"image\":{\"@id\":\"https:\/\/natalsy.com\/#\/schema\/logo\/image\/\"}}]}<\/script>\n<!-- \/ Yoast SEO plugin. -->","yoast_head_json":{"title":"Hizmet \u015eartlar\u0131 - Natalsy","robots":{"index":"index","follow":"follow","max-snippet":"max-snippet:-1","max-image-preview":"max-image-preview:large","max-video-preview":"max-video-preview:-1"},"canonical":"https:\/\/natalsy.com\/tr\/terms-of-service\/","og_locale":"tr_TR","og_type":"article","og_title":"Hizmet \u015eartlar\u0131 - Natalsy","og_description":"Hizmet \u015eartlar\u0131 Y\u00fcr\u00fcrl\u00fck tarihi: 11 Eyl\u00fcl 2025 Bu Hizmet \u015eartlar\u0131 (\u201c\u015eartlar\u201d), Natalsy\u2019nin (\u201cbiz\u201d, \u201cbizim\u201d veya \u201cbize\u201d) kullan\u0131m\u0131n\u0131z\u0131 d\u00fczenler. Web sitemizden bir \u00fcr\u00fcn sat\u0131n alarak, bu \u015eartlar\u0131 kabul etmi\u015f olursunuz. L\u00fctfen sipari\u015f vermeden \u00f6nce dikkatlice okuyun. 1. \u00dcr\u00fcn\u00fcm\u00fcz Natalsy, ki\u015fisel astroloji raporunu PDF format\u0131nda (\u201cRapor\u201d) dijital bir \u00fcr\u00fcn olarak sunar. Bu rapor, sa\u011flad\u0131\u011f\u0131n\u0131z bilgiler temel al\u0131narak [&hellip;]","og_url":"https:\/\/natalsy.com\/tr\/terms-of-service\/","og_site_name":"Natalsy","article_modified_time":"2025-09-16T21:06:13+00:00","og_image":[{"width":1024,"height":683,"url":"https:\/\/natalsy.com\/wp-content\/uploads\/2025\/09\/banner-1024x683.png","type":"image\/png"}],"twitter_card":"summary_large_image","twitter_misc":{"Tahmini okuma s\u00fcresi":"3 minutes"},"schema":{"@context":"https:\/\/schema.org","@graph":[{"@type":"WebPage","@id":"https:\/\/natalsy.com\/tr\/terms-of-service\/","url":"https:\/\/natalsy.com\/tr\/terms-of-service\/","name":"Hizmet \u015eartlar\u0131 - Natalsy","isPartOf":{"@id":"https:\/\/natalsy.com\/#website"},"datePublished":"2025-09-16T21:06:12+00:00","dateModified":"2025-09-16T21:06:13+00:00","breadcrumb":{"@id":"https:\/\/natalsy.com\/tr\/terms-of-service\/#breadcrumb"},"inLanguage":"tr-TR","potentialAction":[{"@type":"ReadAction","target":["https:\/\/natalsy.com\/tr\/terms-of-service\/"]}]},{"@type":"BreadcrumbList","@id":"https:\/\/natalsy.com\/tr\/terms-of-service\/#breadcrumb","itemListElement":[{"@type":"ListItem","position":1,"name":"Home","item":"https:\/\/natalsy.com\/tr\/"},{"@type":"ListItem","position":2,"name":"Hizmet \u015eartlar\u0131"}]},{"@type":"WebSite","@id":"https:\/\/natalsy.com\/#website","url":"https:\/\/natalsy.com\/","name":"Natalsy","description":"Your Personal Natal Chart \u2013 Beautiful PDF in 10 Minutes","publisher":{"@id":"https:\/\/natalsy.com\/#organization"},"potentialAction":[{"@type":"SearchAction","target":{"@type":"EntryPoint","urlTemplate":"https:\/\/natalsy.com\/?s={search_term_string}"},"query-input":{"@type":"PropertyValueSpecification","valueRequired":true,"valueName":"search_term_string"}}],"inLanguage":"tr-TR"},{"@type":"Organization","@id":"https:\/\/natalsy.com\/#organization","name":"Natalsy","url":"https:\/\/natalsy.com\/","logo":{"@type":"ImageObject","inLanguage":"tr-TR","@id":"https:\/\/natalsy.com\/#\/schema\/logo\/image\/","url":"https:\/\/natalsy.com\/wp-content\/uploads\/2025\/09\/banner-1024x683.png","contentUrl":"https:\/\/natalsy.com\/wp-content\/uploads\/2025\/09\/banner-1024x683.png","width":1024,"height":683,"caption":"Natalsy"},"image":{"@id":"https:\/\/natalsy.com\/#\/schema\/logo\/image\/"}}]}},"_links":{"self":[{"href":"https:\/\/natalsy.com\/wp-json\/wp\/v2\/pages\/10699","targetHints":{"allow":["GET"]}}],"collection":[{"href":"https:\/\/natalsy.com\/wp-json\/wp\/v2\/pages"}],"about":[{"href":"https:\/\/natalsy.com\/wp-json\/wp\/v2\/types\/page"}],"author":[{"embeddable":true,"href":"https:\/\/natalsy.com\/wp-json\/wp\/v2\/users\/1"}],"replies":[{"embeddable":true,"href":"https:\/\/natalsy.com\/wp-json\/wp\/v2\/comments?post=10699"}],"version-history":[{"count":1,"href":"https:\/\/natalsy.com\/wp-json\/wp\/v2\/pages\/10699\/revisions"}],"predecessor-version":[{"id":10700,"href":"https:\/\/natalsy.com\/wp-json\/wp\/v2\/pages\/10699\/revisions\/10700"}],"wp:attachment":[{"href":"https:\/\/natalsy.com\/wp-json\/wp\/v2\/media?parent=10699"}],"curies":[{"name":"wp","href":"https:\/\/api.w.org\/{rel}","templated":true}]}}