{"id":10701,"date":"2025-09-16T21:09:42","date_gmt":"2025-09-16T21:09:42","guid":{"rendered":"https:\/\/natalsy.com\/?page_id=10701"},"modified":"2025-09-16T21:09:43","modified_gmt":"2025-09-16T21:09:43","slug":"about","status":"publish","type":"page","link":"https:\/\/natalsy.com\/tr\/about\/","title":{"rendered":"Natalsy Hakk\u0131nda"},"content":{"rendered":"\n<h2 class=\"wp-block-heading\">Natalsy Hakk\u0131nda<\/h2>\n\n\n\n<p><strong>Natalsy<\/strong>\u2019ye ho\u015f geldiniz \u2014 y\u0131ld\u0131zlara giden ki\u015fisel rehberiniz, an\u0131nda teslim edilir. \u2728<\/p>\n\n\n\n<p>Sa\u011flad\u0131\u011f\u0131n\u0131z do\u011fum bilgilerini kullanarak, <strong>ki\u015fiselle\u015ftirilmi\u015f astroloji raporlar\u0131n\u0131 PDF format\u0131nda<\/strong> otomatik olarak olu\u015fturuyoruz.<\/p>\n\n\n\n<p>Misyonumuz, astrolojiyi <strong>eri\u015filebilir, e\u011flenceli ve estetik olarak g\u00fczel<\/strong> hale getirmek,<\/p>\n\n\n\n<p>sizin i\u00e7in <strong>\u00f6zel bir dijital hat\u0131ra<\/strong> sunmak ve bunu kendiniz i\u00e7in saklayabilece\u011finiz veya arkada\u015flar\u0131n\u0131zla payla\u015fabilece\u011finiz bir deneyime d\u00f6n\u00fc\u015ft\u00fcrmektir.<\/p>\n\n\n\n<hr class=\"wp-block-separator has-alpha-channel-opacity\"\/>\n\n\n\n<h2 class=\"wp-block-heading\">Ne Yap\u0131yoruz<\/h2>\n\n\n\n<ol start=\"1\" class=\"wp-block-list\">\n<li>Bize <strong>ad\u0131n\u0131z\u0131, do\u011fum tarihinizi ve do\u011fum yerinizi<\/strong> verirsiniz.<\/li>\n\n\n\n<li>Sistemimiz, bu verilere dayanarak <strong>ki\u015fiselle\u015ftirilmi\u015f ve \u015f\u0131k bir PDF raporu<\/strong> olu\u015fturur.<\/li>\n\n\n\n<li>Raporunuz, genellikle <strong>birka\u00e7 dakika i\u00e7inde<\/strong>, <strong>e-posta kutunuza<\/strong> do\u011frudan teslim edilir.<\/li>\n<\/ol>\n\n\n\n<p>T\u00fcm s\u00fcre\u00e7 <strong>tamamen otomatik<\/strong> oldu\u011fu i\u00e7in raporunuzu <strong>her zaman, her yerde<\/strong><\/p>\n\n\n\n<p><strong>an\u0131nda ve g\u00fcvenli bir \u015fekilde<\/strong> alabilirsiniz.<\/p>\n\n\n\n<hr class=\"wp-block-separator has-alpha-channel-opacity\"\/>\n\n\n\n<h2 class=\"wp-block-heading\">Yaln\u0131zca E\u011flence Ama\u00e7l\u0131<\/h2>\n\n\n\n<p>Raporlar\u0131m\u0131z <strong>yaln\u0131zca e\u011flence ama\u00e7l\u0131<\/strong> olarak tasarlanm\u0131\u015ft\u0131r.<\/p>\n\n\n\n<p>T\u0131bbi tavsiye, finansal \u00f6neri veya kesin sonu\u00e7lar i\u00e7ermezler.<\/p>\n\n\n\n<p><strong>Natalsy<\/strong>\u2019yi, astrolojiyi <strong>modern, yarat\u0131c\u0131 ve keyifli bir \u015fekilde ke\u015ffetmenin<\/strong><\/p>\n\n\n\n<p>bir yolu olarak d\u00fc\u015f\u00fcn\u00fcn \u2014 profesyonel bir dan\u0131\u015fmanl\u0131k hizmeti olarak de\u011fil.<\/p>\n\n\n\n<hr class=\"wp-block-separator has-alpha-channel-opacity\"\/>\n\n\n\n<h2 class=\"wp-block-heading\">De\u011ferlerimiz<\/h2>\n\n\n\n<ul class=\"wp-block-list\">\n<li><strong>Basitlik:<\/strong> Sipari\u015ften teslimata kadar sorunsuz ve zahmetsiz bir deneyim.<\/li>\n\n\n\n<li><strong>Gizlilik:<\/strong> Verileriniz g\u00fcvenli bir \u015fekilde korunur ve i\u015flenir.<\/li>\n\n\n\n<li><strong>Estetik:<\/strong> Hem <strong>anlaml\u0131 hem de g\u00f6rsel olarak etkileyici<\/strong> raporlar.<\/li>\n<\/ul>\n\n\n\n<hr class=\"wp-block-separator has-alpha-channel-opacity\"\/>\n\n\n\n<h2 class=\"wp-block-heading\">Biz Kimiz<\/h2>\n\n\n\n<p><strong>Natalsy<\/strong>, merkezi <strong>Bulgaristan<\/strong>\u2019da bulunan <strong>Kreativ Style EOOD<\/strong> taraf\u0131ndan i\u015fletilmektedir.<\/p>\n\n\n\n<p>Biz, <strong>teknolojiyi, sanat\u0131 ve astrolojiyi bir araya getirmeye tutkuyla ba\u011fl\u0131<\/strong>,<\/p>\n\n\n\n<p>k\u00fc\u00e7\u00fck ama \u00f6zverili bir ekibiz.<\/p>\n\n\n\n<p>Amac\u0131m\u0131z, size <strong>keyifli bir dijital \u00fcr\u00fcn<\/strong> sunmakt\u0131r.<\/p>\n\n\n\n<p>\ud83d\udce7 <strong>support@natalsy.com<\/strong><\/p>\n\n\n\n<hr class=\"wp-block-separator has-alpha-channel-opacity\"\/>\n\n\n\n<h2 class=\"wp-block-heading\">Neden Natalsy<\/h2>\n\n\n\n<p>\u0130ster astrolojiye merakl\u0131 olun, ister <strong>e\u015fsiz bir hediye<\/strong> ar\u0131yor olun<\/p>\n\n\n\n<p>ya da sadece <strong>yeni bir deneyim ke\u015ffetmek<\/strong> isteyin \u2014<\/p>\n\n\n\n<p><strong>Natalsy<\/strong>, y\u0131ld\u0131zlar\u0131n b\u00fcy\u00fcs\u00fcn\u00fc <strong>g\u00fczel, h\u0131zl\u0131 ve g\u00fcvenli<\/strong> bir \u015fekilde deneyimlemenin en iyi yolunu sunar.<\/p>\n","protected":false},"excerpt":{"rendered":"<p>Natalsy Hakk\u0131nda Natalsy\u2019ye ho\u015f geldiniz \u2014 y\u0131ld\u0131zlara giden ki\u015fisel rehberiniz, an\u0131nda teslim edilir. \u2728 Sa\u011flad\u0131\u011f\u0131n\u0131z do\u011fum bilgilerini kullanarak, ki\u015fiselle\u015ftirilmi\u015f astroloji raporlar\u0131n\u0131 PDF format\u0131nda otomatik olarak olu\u015fturuyoruz. Misyonumuz, astrolojiyi eri\u015filebilir, e\u011flenceli ve estetik olarak g\u00fczel hale getirmek, sizin i\u00e7in \u00f6zel bir dijital hat\u0131ra sunmak ve bunu kendiniz i\u00e7in saklayabilece\u011finiz veya arkada\u015flar\u0131n\u0131zla payla\u015fabilece\u011finiz bir deneyime d\u00f6n\u00fc\u015ft\u00fcrmektir. Ne [&hellip;]<\/p>\n","protected":false},"author":1,"featured_media":0,"parent":0,"menu_order":0,"comment_status":"closed","ping_status":"closed","template":"","meta":{"footnotes":""},"class_list":["post-10701","page","type-page","status-publish","hentry"],"yoast_head":"<!-- This site is optimized with the Yoast SEO plugin v25.9 - https:\/\/yoast.com\/wordpress\/plugins\/seo\/ -->\n<title>Natalsy Hakk\u0131nda - Natalsy<\/title>\n<meta name=\"robots\" content=\"index, follow, max-snippet:-1, max-image-preview:large, max-video-preview:-1\" \/>\n<link rel=\"canonical\" href=\"https:\/\/natalsy.com\/tr\/about\/\" \/>\n<meta property=\"og:locale\" content=\"tr_TR\" \/>\n<meta property=\"og:type\" content=\"article\" \/>\n<meta property=\"og:title\" content=\"Natalsy Hakk\u0131nda - Natalsy\" \/>\n<meta property=\"og:description\" content=\"Natalsy Hakk\u0131nda Natalsy\u2019ye ho\u015f geldiniz \u2014 y\u0131ld\u0131zlara giden ki\u015fisel rehberiniz, an\u0131nda teslim edilir. \u2728 Sa\u011flad\u0131\u011f\u0131n\u0131z do\u011fum bilgilerini kullanarak, ki\u015fiselle\u015ftirilmi\u015f astroloji raporlar\u0131n\u0131 PDF format\u0131nda otomatik olarak olu\u015fturuyoruz. Misyonumuz, astrolojiyi eri\u015filebilir, e\u011flenceli ve estetik olarak g\u00fczel hale getirmek, sizin i\u00e7in \u00f6zel bir dijital hat\u0131ra sunmak ve bunu kendiniz i\u00e7in saklayabilece\u011finiz veya arkada\u015flar\u0131n\u0131zla payla\u015fabilece\u011finiz bir deneyime d\u00f6n\u00fc\u015ft\u00fcrmektir. Ne [&hellip;]\" \/>\n<meta property=\"og:url\" content=\"https:\/\/natalsy.com\/tr\/about\/\" \/>\n<meta property=\"og:site_name\" content=\"Natalsy\" \/>\n<meta property=\"article:modified_time\" content=\"2025-09-16T21:09:43+00:00\" \/>\n<meta property=\"og:image\" content=\"https:\/\/natalsy.com\/wp-content\/uploads\/2025\/09\/banner-1024x683.png\" \/>\n\t<meta property=\"og:image:width\" content=\"1024\" \/>\n\t<meta property=\"og:image:height\" content=\"683\" \/>\n\t<meta property=\"og:image:type\" content=\"image\/png\" \/>\n<meta name=\"twitter:card\" content=\"summary_large_image\" \/>\n<meta name=\"twitter:label1\" content=\"Tahmini okuma s\u00fcresi\" \/>\n\t<meta name=\"twitter:data1\" content=\"2 minutes\" \/>\n<script type=\"application\/ld+json\" class=\"yoast-schema-graph\">{\"@context\":\"https:\/\/schema.org\",\"@graph\":[{\"@type\":\"WebPage\",\"@id\":\"https:\/\/natalsy.com\/tr\/about\/\",\"url\":\"https:\/\/natalsy.com\/tr\/about\/\",\"name\":\"Natalsy Hakk\u0131nda - Natalsy\",\"isPartOf\":{\"@id\":\"https:\/\/natalsy.com\/#website\"},\"datePublished\":\"2025-09-16T21:09:42+00:00\",\"dateModified\":\"2025-09-16T21:09:43+00:00\",\"breadcrumb\":{\"@id\":\"https:\/\/natalsy.com\/tr\/about\/#breadcrumb\"},\"inLanguage\":\"tr-TR\",\"potentialAction\":[{\"@type\":\"ReadAction\",\"target\":[\"https:\/\/natalsy.com\/tr\/about\/\"]}]},{\"@type\":\"BreadcrumbList\",\"@id\":\"https:\/\/natalsy.com\/tr\/about\/#breadcrumb\",\"itemListElement\":[{\"@type\":\"ListItem\",\"position\":1,\"name\":\"Home\",\"item\":\"https:\/\/natalsy.com\/tr\/\"},{\"@type\":\"ListItem\",\"position\":2,\"name\":\"Natalsy Hakk\u0131nda\"}]},{\"@type\":\"WebSite\",\"@id\":\"https:\/\/natalsy.com\/#website\",\"url\":\"https:\/\/natalsy.com\/\",\"name\":\"Natalsy\",\"description\":\"Your Personal Natal Chart \u2013 Beautiful PDF in 10 Minutes\",\"publisher\":{\"@id\":\"https:\/\/natalsy.com\/#organization\"},\"potentialAction\":[{\"@type\":\"SearchAction\",\"target\":{\"@type\":\"EntryPoint\",\"urlTemplate\":\"https:\/\/natalsy.com\/?s={search_term_string}\"},\"query-input\":{\"@type\":\"PropertyValueSpecification\",\"valueRequired\":true,\"valueName\":\"search_term_string\"}}],\"inLanguage\":\"tr-TR\"},{\"@type\":\"Organization\",\"@id\":\"https:\/\/natalsy.com\/#organization\",\"name\":\"Natalsy\",\"url\":\"https:\/\/natalsy.com\/\",\"logo\":{\"@type\":\"ImageObject\",\"inLanguage\":\"tr-TR\",\"@id\":\"https:\/\/natalsy.com\/#\/schema\/logo\/image\/\",\"url\":\"https:\/\/natalsy.com\/wp-content\/uploads\/2025\/09\/banner-1024x683.png\",\"contentUrl\":\"https:\/\/natalsy.com\/wp-content\/uploads\/2025\/09\/banner-1024x683.png\",\"width\":1024,\"height\":683,\"caption\":\"Natalsy\"},\"image\":{\"@id\":\"https:\/\/natalsy.com\/#\/schema\/logo\/image\/\"}}]}<\/script>\n<!-- \/ Yoast SEO plugin. -->","yoast_head_json":{"title":"Natalsy Hakk\u0131nda - Natalsy","robots":{"index":"index","follow":"follow","max-snippet":"max-snippet:-1","max-image-preview":"max-image-preview:large","max-video-preview":"max-video-preview:-1"},"canonical":"https:\/\/natalsy.com\/tr\/about\/","og_locale":"tr_TR","og_type":"article","og_title":"Natalsy Hakk\u0131nda - Natalsy","og_description":"Natalsy Hakk\u0131nda Natalsy\u2019ye ho\u015f geldiniz \u2014 y\u0131ld\u0131zlara giden ki\u015fisel rehberiniz, an\u0131nda teslim edilir. \u2728 Sa\u011flad\u0131\u011f\u0131n\u0131z do\u011fum bilgilerini kullanarak, ki\u015fiselle\u015ftirilmi\u015f astroloji raporlar\u0131n\u0131 PDF format\u0131nda otomatik olarak olu\u015fturuyoruz. Misyonumuz, astrolojiyi eri\u015filebilir, e\u011flenceli ve estetik olarak g\u00fczel hale getirmek, sizin i\u00e7in \u00f6zel bir dijital hat\u0131ra sunmak ve bunu kendiniz i\u00e7in saklayabilece\u011finiz veya arkada\u015flar\u0131n\u0131zla payla\u015fabilece\u011finiz bir deneyime d\u00f6n\u00fc\u015ft\u00fcrmektir. Ne [&hellip;]","og_url":"https:\/\/natalsy.com\/tr\/about\/","og_site_name":"Natalsy","article_modified_time":"2025-09-16T21:09:43+00:00","og_image":[{"width":1024,"height":683,"url":"https:\/\/natalsy.com\/wp-content\/uploads\/2025\/09\/banner-1024x683.png","type":"image\/png"}],"twitter_card":"summary_large_image","twitter_misc":{"Tahmini okuma s\u00fcresi":"2 minutes"},"schema":{"@context":"https:\/\/schema.org","@graph":[{"@type":"WebPage","@id":"https:\/\/natalsy.com\/tr\/about\/","url":"https:\/\/natalsy.com\/tr\/about\/","name":"Natalsy Hakk\u0131nda - Natalsy","isPartOf":{"@id":"https:\/\/natalsy.com\/#website"},"datePublished":"2025-09-16T21:09:42+00:00","dateModified":"2025-09-16T21:09:43+00:00","breadcrumb":{"@id":"https:\/\/natalsy.com\/tr\/about\/#breadcrumb"},"inLanguage":"tr-TR","potentialAction":[{"@type":"ReadAction","target":["https:\/\/natalsy.com\/tr\/about\/"]}]},{"@type":"BreadcrumbList","@id":"https:\/\/natalsy.com\/tr\/about\/#breadcrumb","itemListElement":[{"@type":"ListItem","position":1,"name":"Home","item":"https:\/\/natalsy.com\/tr\/"},{"@type":"ListItem","position":2,"name":"Natalsy Hakk\u0131nda"}]},{"@type":"WebSite","@id":"https:\/\/natalsy.com\/#website","url":"https:\/\/natalsy.com\/","name":"Natalsy","description":"Your Personal Natal Chart \u2013 Beautiful PDF in 10 Minutes","publisher":{"@id":"https:\/\/natalsy.com\/#organization"},"potentialAction":[{"@type":"SearchAction","target":{"@type":"EntryPoint","urlTemplate":"https:\/\/natalsy.com\/?s={search_term_string}"},"query-input":{"@type":"PropertyValueSpecification","valueRequired":true,"valueName":"search_term_string"}}],"inLanguage":"tr-TR"},{"@type":"Organization","@id":"https:\/\/natalsy.com\/#organization","name":"Natalsy","url":"https:\/\/natalsy.com\/","logo":{"@type":"ImageObject","inLanguage":"tr-TR","@id":"https:\/\/natalsy.com\/#\/schema\/logo\/image\/","url":"https:\/\/natalsy.com\/wp-content\/uploads\/2025\/09\/banner-1024x683.png","contentUrl":"https:\/\/natalsy.com\/wp-content\/uploads\/2025\/09\/banner-1024x683.png","width":1024,"height":683,"caption":"Natalsy"},"image":{"@id":"https:\/\/natalsy.com\/#\/schema\/logo\/image\/"}}]}},"_links":{"self":[{"href":"https:\/\/natalsy.com\/wp-json\/wp\/v2\/pages\/10701","targetHints":{"allow":["GET"]}}],"collection":[{"href":"https:\/\/natalsy.com\/wp-json\/wp\/v2\/pages"}],"about":[{"href":"https:\/\/natalsy.com\/wp-json\/wp\/v2\/types\/page"}],"author":[{"embeddable":true,"href":"https:\/\/natalsy.com\/wp-json\/wp\/v2\/users\/1"}],"replies":[{"embeddable":true,"href":"https:\/\/natalsy.com\/wp-json\/wp\/v2\/comments?post=10701"}],"version-history":[{"count":1,"href":"https:\/\/natalsy.com\/wp-json\/wp\/v2\/pages\/10701\/revisions"}],"predecessor-version":[{"id":10702,"href":"https:\/\/natalsy.com\/wp-json\/wp\/v2\/pages\/10701\/revisions\/10702"}],"wp:attachment":[{"href":"https:\/\/natalsy.com\/wp-json\/wp\/v2\/media?parent=10701"}],"curies":[{"name":"wp","href":"https:\/\/api.w.org\/{rel}","templated":true}]}}