{"id":10704,"date":"2025-09-16T21:15:01","date_gmt":"2025-09-16T21:15:01","guid":{"rendered":"https:\/\/natalsy.com\/?page_id=10704"},"modified":"2025-09-18T20:40:11","modified_gmt":"2025-09-18T20:40:11","slug":"contact-us","status":"publish","type":"page","link":"https:\/\/natalsy.com\/tr\/contact-us\/","title":{"rendered":"Bize Ula\u015f\u0131n"},"content":{"rendered":"\n<h1 class=\"wp-block-heading has-text-align-center\">Bize Ula\u015f\u0131n<\/h1>\n\n\n\n<p class=\"has-text-align-center\">Sipari\u015finiz veya PDF raporunuz hakk\u0131nda sorunuz mu var?<\/p>\n\n\n\n<p class=\"has-text-align-center\">Size yard\u0131mc\u0131 olmak i\u00e7in buraday\u0131z.<\/p>\n\n\n\n<p class=\"has-text-align-center\"><strong>Ortalama yan\u0131t s\u00fcresi:<\/strong> 24 saat i\u00e7inde (Pazartesi \u2013 Cuma)<\/p>\n\n\n\n<div class=\"wp-block-columns is-layout-flex wp-container-core-columns-is-layout-9d6595d7 wp-block-columns-is-layout-flex\">\n<div class=\"wp-block-column is-layout-flow wp-block-column-is-layout-flow\" style=\"flex-basis:15%\"><\/div>\n\n\n\n<div class=\"wp-block-column is-layout-flow wp-block-column-is-layout-flow\" style=\"flex-basis:70%\">\n<div class=\"wp-block-contact-form-7-contact-form-selector\">\n<div class=\"wpcf7 no-js\" id=\"wpcf7-f10703-o1\" lang=\"en-US\" dir=\"ltr\" data-wpcf7-id=\"10703\">\n<div class=\"screen-reader-response\"><p role=\"status\" aria-live=\"polite\" aria-atomic=\"true\"><\/p> <ul><\/ul><\/div>\n<form action=\"\/tr\/wp-json\/wp\/v2\/pages\/10704#wpcf7-f10703-o1\" method=\"post\" class=\"wpcf7-form init\" aria-label=\"\u0130leti\u015fim Formu\" novalidate=\"novalidate\" data-status=\"init\">\n<fieldset class=\"hidden-fields-container\"><input type=\"hidden\" name=\"_wpcf7\" value=\"10703\" \/><input type=\"hidden\" name=\"_wpcf7_version\" value=\"6.1.1\" \/><input type=\"hidden\" name=\"_wpcf7_locale\" value=\"en_US\" \/><input type=\"hidden\" name=\"_wpcf7_unit_tag\" value=\"wpcf7-f10703-o1\" \/><input type=\"hidden\" name=\"_wpcf7_container_post\" value=\"0\" \/><input type=\"hidden\" name=\"_wpcf7_posted_data_hash\" value=\"\" \/>\n<\/fieldset>\n<div class=\"nf-field\">\n  <label>Ad Soyad *<\/label>\n  <span class=\"wpcf7-form-control-wrap\" data-name=\"your-name\"><input size=\"40\" maxlength=\"400\" class=\"wpcf7-form-control wpcf7-text wpcf7-validates-as-required\" aria-required=\"true\" aria-invalid=\"false\" placeholder=\"Ahmet Y\u0131lmaz\" value=\"\" type=\"text\" name=\"your-name\" \/><\/span>\n<\/div>\n\n<div class=\"nf-field\">\n  <label>E-posta *<\/label>\n  <span class=\"wpcf7-form-control-wrap\" data-name=\"your-email\"><input size=\"40\" maxlength=\"400\" class=\"wpcf7-form-control wpcf7-email wpcf7-validates-as-required wpcf7-text wpcf7-validates-as-email\" aria-required=\"true\" aria-invalid=\"false\" placeholder=\"ornek@email.com\" value=\"\" type=\"email\" name=\"your-email\" \/><\/span>\n<\/div>\n\n<div class=\"nf-field\">\n  <label>Neden *<\/label>\n  <span class=\"wpcf7-form-control-wrap\" data-name=\"inquiry-type\"><select class=\"wpcf7-form-control wpcf7-select wpcf7-validates-as-required\" aria-required=\"true\" aria-invalid=\"false\" name=\"inquiry-type\"><option value=\"\">&#8212;L\u00fctfen bir se\u00e7enek se\u00e7in&#8212;<\/option><option value=\"Sipari\u015f ile ilgili soru\">Sipari\u015f ile ilgili soru<\/option><option value=\"PDF almad\u0131m\">PDF almad\u0131m<\/option><option value=\"Rapor sorunu (i\u00e7erik\/d\u00fczen)\">Rapor sorunu (i\u00e7erik\/d\u00fczen)<\/option><option value=\"Faturaland\u0131rma veya iade\">Faturaland\u0131rma veya iade<\/option><option value=\"Di\u011fer\">Di\u011fer<\/option><\/select><\/span>\n<\/div>\n\n<div class=\"nf-field\">\n  <label>Mesaj *<\/label>\n  <span class=\"wpcf7-form-control-wrap\" data-name=\"your-message\"><textarea cols=\"40\" rows=\"10\" maxlength=\"2000\" class=\"wpcf7-form-control wpcf7-textarea wpcf7-validates-as-required\" aria-required=\"true\" aria-invalid=\"false\" placeholder=\"Size nas\u0131l yard\u0131mc\u0131 olabiliriz?\" name=\"your-message\"><\/textarea><\/span>\n<\/div>\n\n<div class=\"nf-field\">\n  <span class=\"wpcf7-form-control-wrap\" data-name=\"acceptance-199\"><span class=\"wpcf7-form-control wpcf7-acceptance optional\"><span class=\"wpcf7-list-item\"><label><input type=\"checkbox\" name=\"acceptance-199\" value=\"1\" aria-invalid=\"false\" \/><span class=\"wpcf7-list-item-label\">Verilerimin, Gizlilik Politikas\u0131 ve Hizmet \u015eartlar\u0131'nda a\u00e7\u0131kland\u0131\u011f\u0131 \u015fekilde, bu talebi i\u015flemek i\u00e7in kullan\u0131lmas\u0131n\u0131 kabul ediyorum.<\/span><\/label><\/span><\/span><\/span>\n<\/div>\n\n<button class=\"wpcf7-form-control wpcf7-submit qodef-button qodef-size--normal qodef-layout--filled qodef-html--link qodef-m\" type=\"submit\"><span class=\"qodef-m-icon\"><svg class=\"qodef-svg--btn-icon\" xmlns=\"http:\/\/www.w3.org\/2000\/svg\" width=\"12\" height=\"16\"><path d=\"M11.853 8.22a8.725 8.725 0 0 1-3.738-1.738c-1.119-1.122-1.7-4.435-2-6.312a.19.19 0 0 0-.379.005c-.264 1.924-.845 5.4-2.121 6.584A7.965 7.965 0 0 1 .147 8.252a.208.208 0 0 0 0 .4 8.083 8.083 0 0 1 3.86 1.946c.957 1.047 1.448 3.625 1.7 5.232a.19.19 0 0 0 .379-.005c.232-1.6.7-4.177 1.637-5.227a8.114 8.114 0 0 1 4.121-1.978.208.208 0 0 0 .009-.4Z\" fill=\"currentColor\"\/><\/svg><\/span><span class=\"qodef-m-text\">Mesaj G\u00f6nder<\/span><\/button><p style=\"display: none !important;\" class=\"akismet-fields-container\" data-prefix=\"_wpcf7_ak_\"><label>&#916;<textarea name=\"_wpcf7_ak_hp_textarea\" cols=\"45\" rows=\"8\" maxlength=\"100\"><\/textarea><\/label><input type=\"hidden\" id=\"ak_js_1\" name=\"_wpcf7_ak_js\" value=\"55\"\/><script>document.getElementById( \"ak_js_1\" ).setAttribute( \"value\", ( new Date() ).getTime() );<\/script><\/p><div class=\"wpcf7-response-output\" aria-hidden=\"true\"><\/div>\n<\/form>\n<\/div>\n<\/div>\n<\/div>\n\n\n\n<div class=\"wp-block-column is-layout-flow wp-block-column-is-layout-flow\" style=\"flex-basis:15%\"><\/div>\n<\/div>\n","protected":false},"excerpt":{"rendered":"<p>Bize Ula\u015f\u0131n Sipari\u015finiz veya PDF raporunuz hakk\u0131nda sorunuz mu var? Size yard\u0131mc\u0131 olmak i\u00e7in buraday\u0131z. Ortalama yan\u0131t s\u00fcresi: 24 saat i\u00e7inde (Pazartesi \u2013 Cuma)<\/p>\n","protected":false},"author":1,"featured_media":0,"parent":0,"menu_order":0,"comment_status":"closed","ping_status":"closed","template":"","meta":{"footnotes":""},"class_list":["post-10704","page","type-page","status-publish","hentry"],"yoast_head":"<!-- This site is optimized with the Yoast SEO plugin v25.9 - https:\/\/yoast.com\/wordpress\/plugins\/seo\/ -->\n<title>Bize Ula\u015f\u0131n - Natalsy<\/title>\n<meta name=\"robots\" content=\"index, follow, max-snippet:-1, max-image-preview:large, max-video-preview:-1\" \/>\n<link rel=\"canonical\" href=\"https:\/\/natalsy.com\/tr\/contact-us\/\" \/>\n<meta property=\"og:locale\" content=\"tr_TR\" \/>\n<meta property=\"og:type\" content=\"article\" \/>\n<meta property=\"og:title\" content=\"Bize Ula\u015f\u0131n - Natalsy\" \/>\n<meta property=\"og:description\" content=\"Bize Ula\u015f\u0131n Sipari\u015finiz veya PDF raporunuz hakk\u0131nda sorunuz mu var? Size yard\u0131mc\u0131 olmak i\u00e7in buraday\u0131z. Ortalama yan\u0131t s\u00fcresi: 24 saat i\u00e7inde (Pazartesi \u2013 Cuma)\" \/>\n<meta property=\"og:url\" content=\"https:\/\/natalsy.com\/tr\/contact-us\/\" \/>\n<meta property=\"og:site_name\" content=\"Natalsy\" \/>\n<meta property=\"article:modified_time\" content=\"2025-09-18T20:40:11+00:00\" \/>\n<meta property=\"og:image\" content=\"https:\/\/natalsy.com\/wp-content\/uploads\/2025\/09\/banner-1024x683.png\" \/>\n\t<meta property=\"og:image:width\" content=\"1024\" \/>\n\t<meta property=\"og:image:height\" content=\"683\" \/>\n\t<meta property=\"og:image:type\" content=\"image\/png\" \/>\n<meta name=\"twitter:card\" content=\"summary_large_image\" \/>\n<script type=\"application\/ld+json\" class=\"yoast-schema-graph\">{\"@context\":\"https:\/\/schema.org\",\"@graph\":[{\"@type\":\"WebPage\",\"@id\":\"https:\/\/natalsy.com\/tr\/contact-us\/\",\"url\":\"https:\/\/natalsy.com\/tr\/contact-us\/\",\"name\":\"Bize Ula\u015f\u0131n - Natalsy\",\"isPartOf\":{\"@id\":\"https:\/\/natalsy.com\/#website\"},\"datePublished\":\"2025-09-16T21:15:01+00:00\",\"dateModified\":\"2025-09-18T20:40:11+00:00\",\"breadcrumb\":{\"@id\":\"https:\/\/natalsy.com\/tr\/contact-us\/#breadcrumb\"},\"inLanguage\":\"tr-TR\",\"potentialAction\":[{\"@type\":\"ReadAction\",\"target\":[\"https:\/\/natalsy.com\/tr\/contact-us\/\"]}]},{\"@type\":\"BreadcrumbList\",\"@id\":\"https:\/\/natalsy.com\/tr\/contact-us\/#breadcrumb\",\"itemListElement\":[{\"@type\":\"ListItem\",\"position\":1,\"name\":\"Home\",\"item\":\"https:\/\/natalsy.com\/tr\/\"},{\"@type\":\"ListItem\",\"position\":2,\"name\":\"Bize Ula\u015f\u0131n\"}]},{\"@type\":\"WebSite\",\"@id\":\"https:\/\/natalsy.com\/#website\",\"url\":\"https:\/\/natalsy.com\/\",\"name\":\"Natalsy\",\"description\":\"Your Personal Natal Chart \u2013 Beautiful PDF in 10 Minutes\",\"publisher\":{\"@id\":\"https:\/\/natalsy.com\/#organization\"},\"potentialAction\":[{\"@type\":\"SearchAction\",\"target\":{\"@type\":\"EntryPoint\",\"urlTemplate\":\"https:\/\/natalsy.com\/?s={search_term_string}\"},\"query-input\":{\"@type\":\"PropertyValueSpecification\",\"valueRequired\":true,\"valueName\":\"search_term_string\"}}],\"inLanguage\":\"tr-TR\"},{\"@type\":\"Organization\",\"@id\":\"https:\/\/natalsy.com\/#organization\",\"name\":\"Natalsy\",\"url\":\"https:\/\/natalsy.com\/\",\"logo\":{\"@type\":\"ImageObject\",\"inLanguage\":\"tr-TR\",\"@id\":\"https:\/\/natalsy.com\/#\/schema\/logo\/image\/\",\"url\":\"https:\/\/natalsy.com\/wp-content\/uploads\/2025\/09\/banner-1024x683.png\",\"contentUrl\":\"https:\/\/natalsy.com\/wp-content\/uploads\/2025\/09\/banner-1024x683.png\",\"width\":1024,\"height\":683,\"caption\":\"Natalsy\"},\"image\":{\"@id\":\"https:\/\/natalsy.com\/#\/schema\/logo\/image\/\"}}]}<\/script>\n<!-- \/ Yoast SEO plugin. -->","yoast_head_json":{"title":"Bize Ula\u015f\u0131n - Natalsy","robots":{"index":"index","follow":"follow","max-snippet":"max-snippet:-1","max-image-preview":"max-image-preview:large","max-video-preview":"max-video-preview:-1"},"canonical":"https:\/\/natalsy.com\/tr\/contact-us\/","og_locale":"tr_TR","og_type":"article","og_title":"Bize Ula\u015f\u0131n - Natalsy","og_description":"Bize Ula\u015f\u0131n Sipari\u015finiz veya PDF raporunuz hakk\u0131nda sorunuz mu var? Size yard\u0131mc\u0131 olmak i\u00e7in buraday\u0131z. Ortalama yan\u0131t s\u00fcresi: 24 saat i\u00e7inde (Pazartesi \u2013 Cuma)","og_url":"https:\/\/natalsy.com\/tr\/contact-us\/","og_site_name":"Natalsy","article_modified_time":"2025-09-18T20:40:11+00:00","og_image":[{"width":1024,"height":683,"url":"https:\/\/natalsy.com\/wp-content\/uploads\/2025\/09\/banner-1024x683.png","type":"image\/png"}],"twitter_card":"summary_large_image","schema":{"@context":"https:\/\/schema.org","@graph":[{"@type":"WebPage","@id":"https:\/\/natalsy.com\/tr\/contact-us\/","url":"https:\/\/natalsy.com\/tr\/contact-us\/","name":"Bize Ula\u015f\u0131n - Natalsy","isPartOf":{"@id":"https:\/\/natalsy.com\/#website"},"datePublished":"2025-09-16T21:15:01+00:00","dateModified":"2025-09-18T20:40:11+00:00","breadcrumb":{"@id":"https:\/\/natalsy.com\/tr\/contact-us\/#breadcrumb"},"inLanguage":"tr-TR","potentialAction":[{"@type":"ReadAction","target":["https:\/\/natalsy.com\/tr\/contact-us\/"]}]},{"@type":"BreadcrumbList","@id":"https:\/\/natalsy.com\/tr\/contact-us\/#breadcrumb","itemListElement":[{"@type":"ListItem","position":1,"name":"Home","item":"https:\/\/natalsy.com\/tr\/"},{"@type":"ListItem","position":2,"name":"Bize Ula\u015f\u0131n"}]},{"@type":"WebSite","@id":"https:\/\/natalsy.com\/#website","url":"https:\/\/natalsy.com\/","name":"Natalsy","description":"Your Personal Natal Chart \u2013 Beautiful PDF in 10 Minutes","publisher":{"@id":"https:\/\/natalsy.com\/#organization"},"potentialAction":[{"@type":"SearchAction","target":{"@type":"EntryPoint","urlTemplate":"https:\/\/natalsy.com\/?s={search_term_string}"},"query-input":{"@type":"PropertyValueSpecification","valueRequired":true,"valueName":"search_term_string"}}],"inLanguage":"tr-TR"},{"@type":"Organization","@id":"https:\/\/natalsy.com\/#organization","name":"Natalsy","url":"https:\/\/natalsy.com\/","logo":{"@type":"ImageObject","inLanguage":"tr-TR","@id":"https:\/\/natalsy.com\/#\/schema\/logo\/image\/","url":"https:\/\/natalsy.com\/wp-content\/uploads\/2025\/09\/banner-1024x683.png","contentUrl":"https:\/\/natalsy.com\/wp-content\/uploads\/2025\/09\/banner-1024x683.png","width":1024,"height":683,"caption":"Natalsy"},"image":{"@id":"https:\/\/natalsy.com\/#\/schema\/logo\/image\/"}}]}},"_links":{"self":[{"href":"https:\/\/natalsy.com\/wp-json\/wp\/v2\/pages\/10704","targetHints":{"allow":["GET"]}}],"collection":[{"href":"https:\/\/natalsy.com\/wp-json\/wp\/v2\/pages"}],"about":[{"href":"https:\/\/natalsy.com\/wp-json\/wp\/v2\/types\/page"}],"author":[{"embeddable":true,"href":"https:\/\/natalsy.com\/wp-json\/wp\/v2\/users\/1"}],"replies":[{"embeddable":true,"href":"https:\/\/natalsy.com\/wp-json\/wp\/v2\/comments?post=10704"}],"version-history":[{"count":2,"href":"https:\/\/natalsy.com\/wp-json\/wp\/v2\/pages\/10704\/revisions"}],"predecessor-version":[{"id":10752,"href":"https:\/\/natalsy.com\/wp-json\/wp\/v2\/pages\/10704\/revisions\/10752"}],"wp:attachment":[{"href":"https:\/\/natalsy.com\/wp-json\/wp\/v2\/media?parent=10704"}],"curies":[{"name":"wp","href":"https:\/\/api.w.org\/{rel}","templated":true}]}}